{"id":5516,"date":"2018-08-09T03:45:32","date_gmt":"2018-08-09T03:45:32","guid":{"rendered":"http:\/\/demo.vastthemes.com\/charity\/?page_id=5"},"modified":"2021-09-21T19:21:10","modified_gmt":"2021-09-21T22:21:10","slug":"home","status":"publish","type":"page","link":"https:\/\/projetosociallife.net.br\/","title":{"rendered":"Home"},"content":{"rendered":"<p><section class=\"kc-elm kc-css-599815 kc_row\"><div class=\"kc-row-container  kc-container\"><div class=\"kc-wrap-columns\"><div class=\"kc-elm kc-css-765477 kc_col-sm-12 kc_column kc_col-sm-12\"><div class=\"kc-col-container\"><div class=\"kc-elm kc-css-666618 kc-raw-code\">\r\n<\/div><\/div><\/div><\/div><\/div><\/section><section data-kc-fullwidth=\"row\" class=\"kc-elm kc-css-56304 kc_row\"><div class=\"kc-row-container  kc-container\"><div class=\"kc-wrap-columns\"><div class=\"kc-elm kc-css-240071 kc_col-sm-12 kc_column kc_col-sm-12\"><div class=\"kc-col-container\">\n<div class=\"kc-elm kc-css-184601 kc-title-wrap \">\n\n\t<h2 class=\"kc_title\">A\u00e7\u00f5es Realizadas<\/h2>\n<\/div>\n<div class=\"kc-elm kc-css-366652 kc_row kc_row_inner\"><div class=\"kc-elm kc-css-395939 kc_col-sm-4 kc_column_inner kc_col-sm-4\"><div class=\"kc_wrapper kc-col-inner-container\"><\/div><\/div><div class=\"kc-elm kc-css-213130 kc_col-sm-4 kc_column_inner kc_col-sm-4\"><div class=\"kc_wrapper kc-col-inner-container\"><div class=\"kc-elm kc-css-840637 kc_text_block\"><\/p>\n<p style=\"text-align: center;\"><b>Arrecada\u00e7\u00e3o desde o in\u00edcio da Covid (Mar\/20)<\/b><\/p>\n<p>\n<\/div><\/div><\/div><div class=\"kc-elm kc-css-839955 kc_col-sm-4 kc_column_inner kc_col-sm-4\"><div class=\"kc_wrapper kc-col-inner-container\"><\/div><\/div><\/div><div class=\"kc-elm kc-css-239843 kc_row kc_row_inner\"><div class=\"kc-elm kc-css-570804 kc_col-sm-3 kc_column_inner kc_col-sm-3\"><div class=\"kc_wrapper kc-col-inner-container\"><div class=\"kc-elm kc-css-461386 kc-feature-boxes kc-fb-layout-1\">\n\n\t<div class=\"content-icon\"><i class=\"et-toolbox\"><\/i><\/div>\n<\/div>\n<div class=\"kc-elm kc-css-415312\" style=\"height: 24px; clear: both; width:100%;\"><\/div>\n<div class=\"kc-elm kc-css-504187 kc-animate-speed-1s kc_counter_box\">\n\t\t<span class=\"counterup\">3500<\/span>\n\t<h4>Marmitas<\/h4><\/div>\n<\/div><\/div><div class=\"kc-elm kc-css-435434 kc_col-sm-3 kc_column_inner kc_col-sm-3\"><div class=\"kc_wrapper kc-col-inner-container\"><div class=\"kc-elm kc-css-324750 kc-feature-boxes kc-fb-layout-1\">\n\n\t<div class=\"content-icon\"><i class=\"sl-people\"><\/i><\/div>\n<\/div>\n<div class=\"kc-elm kc-css-229502\" style=\"height: 24px; clear: both; width:100%;\"><\/div>\n<div class=\"kc-elm kc-css-714287 kc-animate-speed-1s kc_counter_box\">\n\t\t<span class=\"counterup\">1000<\/span>\n\t<h4>Projetos e comunidades alcan\u00e7adas<\/h4><\/div>\n<\/div><\/div><div class=\"kc-elm kc-css-406578 kc_col-sm-3 kc_column_inner kc_col-sm-3\"><div class=\"kc_wrapper kc-col-inner-container\"><div class=\"kc-elm kc-css-20228 kc-feature-boxes kc-fb-layout-1\">\n\n\t<div class=\"content-icon\"><i class=\"fa-money-bill-alt\"><\/i><\/div>\n<\/div>\n<div class=\"kc-elm kc-css-99458\" style=\"height: 24px; clear: both; width:100%;\"><\/div>\n<div class=\"kc-elm kc-css-765469 kc-animate-speed-1s kc_counter_box\">\n\t\t<span class=\"counterup\">1000<\/span>\n\t<h4>Custo mensal do Projeto<\/h4><\/div>\n<\/div><\/div><div class=\"kc-elm kc-css-550101 kc_col-sm-3 kc_column_inner kc_col-sm-3\"><div class=\"kc_wrapper kc-col-inner-container\"><div class=\"kc-elm kc-css-510817 kc-feature-boxes kc-fb-layout-1\">\n\n\t<div class=\"content-icon\"><i class=\"et-basket\"><\/i><\/div>\n<\/div>\n<div class=\"kc-elm kc-css-701899\" style=\"height: 24px; clear: both; width:100%;\"><\/div>\n<div class=\"kc-elm kc-css-824431 kc-animate-speed-1s kc_counter_box\">\n\t\t<span class=\"counterup\">1000<\/span>\n\t<h4>Cestas b\u00e1sicas doadas<\/h4><\/div>\n<\/div><\/div><\/div><\/div><\/div><\/div><\/div><\/section><section data-kc-fullwidth=\"row\" class=\"kc-elm kc-css-506569 kc_row\"><div class=\"kc-row-container  kc-container\"><div class=\"kc-wrap-columns\"><div class=\"kc-elm kc-css-359702 kc_col-sm-12 kc_column kc_col-sm-12\"><div class=\"kc-col-container\">\n<div class=\"kc-elm kc-css-360199 kc-title-wrap \">\n\n\t<h2 class=\"kc_title\">Projeto Life na M\u00eddia<\/h2>\n<\/div>\n<div class=\"kc-elm kc-css-34813 kc_row kc_row_inner\"><div class=\"kc-elm kc-css-461650 kc_col-sm-3 kc_column_inner kc_col-sm-3\"><div class=\"kc_wrapper kc-col-inner-container\"><\/div><\/div><div class=\"kc-elm kc-css-292953 kc_col-sm-6 kc_column_inner kc_col-sm-6\"><div class=\"kc_wrapper kc-col-inner-container\"><div class=\"kc-elm kc-css-64043 kc_text_block\"><\/p>\n<p>Aqui voc\u00ea fica sabendo do Projeto Life na M\u00eddia .<\/p>\n<p>\n<\/div><\/div><\/div><div class=\"kc-elm kc-css-168334 kc_col-sm-3 kc_column_inner kc_col-sm-3\"><div class=\"kc_wrapper kc-col-inner-container\"><\/div><\/div><\/div><div class=\"kc-elm kc-css-824808\" style=\"height: 32px; clear: both; width:100%;\"><\/div><div class=\"kc-elm kc-css-502753 kc_row kc_row_inner\"><div class=\"kc-elm kc-css-808737 kc_col-sm-6 kc_column_inner kc_col-sm-6\"><div class=\"menu-card kc_wrapper kc-col-inner-container\"><div class=\"kc-elm kc-css-166617 kc_shortcode kc_single_image\">\n\n        <img decoding=\"async\" src=\"https:\/\/projetosociallife.net.br\/wp-content\/uploads\/2021\/08\/Expocine-Radio-Bandeirantes.png\" class=\"\" alt=\"\" \/>    <\/div>\n<div class=\"kc-elm kc-css-397428 kc_row kc_row_inner\"><div class=\"kc-elm kc-css-425653 kc_col-sm-12 kc_column_inner kc_col-sm-12\"><div class=\"kc_wrapper kc-col-inner-container\">\n<div class=\"kc-elm kc-css-10700 kc-title-wrap \">\n\n\t<h3 class=\"kc_title\">Radio Bandeirantes<\/h3>\n<\/div>\n<\/div><\/div><\/div>\n<div class=\"kc-elm kc-css-717284\">\n\t<a class=\"kc_button\" href=\"https:\/\/projetosociallife.net.br\/index.php\/projeto-life-na-midia\/\" target=\"_blank\" title=\"\" onclick=\"\">\n\t\tSaiba Mais\t<\/a>\n<\/div>\n<\/div><\/div><div class=\"kc-elm kc-css-119873 kc_col-sm-6 kc_column_inner kc_col-sm-6\"><div class=\"menu-card kc_wrapper kc-col-inner-container\"><div class=\"kc-elm kc-css-415909 kc_shortcode kc_single_image\">\n\n        <img decoding=\"async\" src=\"https:\/\/projetosociallife.net.br\/wp-content\/uploads\/2021\/07\/logo-vejasp-1-e1627779717472.jpg\" class=\"\" alt=\"\" \/>    <\/div>\n<div class=\"kc-elm kc-css-577270 kc_row kc_row_inner\"><div class=\"kc-elm kc-css-936658 kc_col-sm-12 kc_column_inner kc_col-sm-12\"><div class=\"kc_wrapper kc-col-inner-container\">\n<div class=\"kc-elm kc-css-784499 kc-title-wrap \">\n\n\t<h3 class=\"kc_title\">Veja S\u00e3o Paulo<\/h3>\n<\/div>\n<\/div><\/div><\/div>\n<div class=\"kc-elm kc-css-364104\">\n\t<a class=\"kc_button\" href=\"https:\/\/projetosociallife.net.br\/index.php\/projeto-life-na-midia\/\" target=\"_blank\" title=\"\" onclick=\"\">\n\t\tSaiba Mais\t<\/a>\n<\/div>\n<\/div><\/div><\/div><div class=\"kc-elm kc-css-922453\" style=\"height: 24px; clear: both; width:100%;\"><\/div><\/div><\/div><\/div><\/div><\/section><section data-kc-fullwidth=\"row\" class=\"kc-elm kc-css-150784 kc_row\"><div class=\"kc-row-container  kc-container\"><div class=\"kc-wrap-columns\"><div class=\"kc-elm kc-css-976587 kc_col-sm-12 kc_column kc_col-sm-12\"><div class=\"kc-col-container\">\n<div class=\"kc-elm kc-css-700162 kc-title-wrap \">\n\n\t<h2 class=\"kc_title\">Onde Nossas A\u00e7\u00f5es Acontecem <\/h2>\n<\/div>\n<div class=\"kc-elm kc-css-472068 kc_row kc_row_inner\"><div class=\"kc-elm kc-css-185146 kc_col-sm-3 kc_column_inner kc_col-sm-3\"><div class=\"kc_wrapper kc-col-inner-container\"><\/div><\/div><div class=\"kc-elm kc-css-950893 kc_col-sm-6 kc_column_inner kc_col-sm-6\"><div class=\"kc_wrapper kc-col-inner-container\"><div class=\"kc-elm kc-css-97004 kc_text_block\"><\/p>\n<p>\nNa Grande S\u00e3o Paulo e algumas Cidades da Regi\u00e3o<\/p>\n<p>\n<\/div><\/div><\/div><div class=\"kc-elm kc-css-433890 kc_col-sm-3 kc_column_inner kc_col-sm-3\"><div class=\"kc_wrapper kc-col-inner-container\"><\/div><\/div><\/div><div class=\"kc-elm kc-css-962104 kc_row kc_row_inner\"><div class=\"kc-elm kc-css-581802 kc_col-sm-4 kc_column_inner kc_col-sm-4\"><div class=\"menu-card kc_wrapper kc-col-inner-container\"><div class=\"kc-elm kc-css-259042 kc_shortcode kc_single_image\">\n\n        <img decoding=\"async\" src=\"https:\/\/projetosociallife.net.br\/wp-content\/uploads\/2021\/08\/Entrega-de-cesta-basica-comunidades-e-Projeto-judo.jpeg\" class=\"\" alt=\"\" \/>    <\/div>\n<div class=\"kc-elm kc-css-515515 kc_row kc_row_inner\"><div class=\"kc-elm kc-css-486702 kc_col-sm-12 kc_column_inner kc_col-sm-12\"><div class=\"kc_wrapper kc-col-inner-container\">\n<div class=\"kc-elm kc-css-757637 kc-title-wrap \">\n\n\t<h3 class=\"kc_title\">Entrega de Cestas<\/h3>\n<\/div>\n<div class=\"kc-elm kc-css-171299 kc_text_block\"><\/p>\n<p>Comunidade e Projeto Jud\u00f4<\/p>\n<p>\n<\/div><\/div><\/div><\/div><\/div><\/div><div class=\"kc-elm kc-css-952422 kc_col-sm-4 kc_column_inner kc_col-sm-4\"><div class=\"menu-card kc_wrapper kc-col-inner-container\"><div class=\"kc-elm kc-css-410941 kc_shortcode kc_single_image\">\n\n        <img decoding=\"async\" src=\"https:\/\/projetosociallife.net.br\/wp-content\/uploads\/2021\/08\/Entrega-panetone-na-comunidade-Bode-Ze.jpeg\" class=\"\" alt=\"\" \/>    <\/div>\n<div class=\"kc-elm kc-css-511119 kc_row kc_row_inner\"><div class=\"kc-elm kc-css-719688 kc_col-sm-12 kc_column_inner kc_col-sm-12\"><div class=\"kc_wrapper kc-col-inner-container\">\n<div class=\"kc-elm kc-css-721487 kc-title-wrap \">\n\n\t<h3 class=\"kc_title\">Entrega de Panetones<\/h3>\n<\/div>\n<div class=\"kc-elm kc-css-16024 kc_text_block\"><\/p>\n<p>Comunidade Bode do Z\u00e9<\/p>\n<p>\n<\/div><\/div><\/div><\/div><\/div><\/div><div class=\"kc-elm kc-css-380876 kc_col-sm-4 kc_column_inner kc_col-sm-4\"><div class=\"menu-card kc_wrapper kc-col-inner-container\"><div class=\"kc-elm kc-css-254196 kc_shortcode kc_single_image\">\n\n        <img decoding=\"async\" src=\"https:\/\/projetosociallife.net.br\/wp-content\/uploads\/2021\/08\/Acoes-no-centro-de-SP.jpeg\" class=\"\" alt=\"\" \/>    <\/div>\n<div class=\"kc-elm kc-css-950851 kc_row kc_row_inner\"><div class=\"kc-elm kc-css-775764 kc_col-sm-12 kc_column_inner kc_col-sm-12\"><div class=\"kc_wrapper kc-col-inner-container\">\n<div class=\"kc-elm kc-css-434693 kc-title-wrap \">\n\n\t<h3 class=\"kc_title\">Entrega de Marmitas<\/h3>\n<\/div>\n<div class=\"kc-elm kc-css-55531 kc_text_block\"><\/p>\n<p>Centro de S\u00e3o Paulo<\/p>\n<p>\n<\/div><\/div><\/div><\/div><\/div><\/div><\/div><div class=\"kc-elm kc-css-50462 kc_row kc_row_inner\"><div class=\"kc-elm kc-css-127165 kc_col-sm-4 kc_column_inner kc_col-sm-4\"><div class=\"menu-card kc_wrapper kc-col-inner-container\"><div class=\"kc-elm kc-css-249193 kc_shortcode kc_single_image\">\n\n        <img decoding=\"async\" src=\"https:\/\/projetosociallife.net.br\/wp-content\/uploads\/2021\/08\/Natal-na-comunidade-Lost.jpeg\" class=\"\" alt=\"\" \/>    <\/div>\n<div class=\"kc-elm kc-css-861976 kc_row kc_row_inner\"><div class=\"kc-elm kc-css-526601 kc_col-sm-12 kc_column_inner kc_col-sm-12\"><div class=\"kc_wrapper kc-col-inner-container\">\n<div class=\"kc-elm kc-css-647945 kc-title-wrap \">\n\n\t<h3 class=\"kc_title\">Natal Solid\u00e1rio<\/h3>\n<\/div>\n<div class=\"kc-elm kc-css-934282 kc_text_block\"><\/p>\n<p>Comunidade Lost<\/p>\n<p>\n<\/div><\/div><\/div><\/div><\/div><\/div><div class=\"kc-elm kc-css-207674 kc_col-sm-4 kc_column_inner kc_col-sm-4\"><div class=\"menu-card kc_wrapper kc-col-inner-container\"><div class=\"kc-elm kc-css-900797 kc_shortcode kc_single_image\">\n\n        <img decoding=\"async\" src=\"https:\/\/projetosociallife.net.br\/wp-content\/uploads\/2021\/08\/Bazar.jpeg\" class=\"\" alt=\"\" \/>    <\/div>\n<div class=\"kc-elm kc-css-70225 kc_row kc_row_inner\"><div class=\"kc-elm kc-css-470392 kc_col-sm-12 kc_column_inner kc_col-sm-12\"><div class=\"kc_wrapper kc-col-inner-container\">\n<div class=\"kc-elm kc-css-59255 kc-title-wrap \">\n\n\t<h3 class=\"kc_title\">Nosso Bazar<\/h3>\n<\/div>\n<div class=\"kc-elm kc-css-23857 kc_text_block\"><\/p>\n<p>Bazar Solid\u00e1rio<\/p>\n<p>\n<\/div><\/div><\/div><\/div><\/div><\/div><div class=\"kc-elm kc-css-88183 kc_col-sm-4 kc_column_inner kc_col-sm-4\"><div class=\"menu-card kc_wrapper kc-col-inner-container\"><div class=\"kc-elm kc-css-122785 kc_shortcode kc_single_image\">\n\n        <img decoding=\"async\" src=\"https:\/\/projetosociallife.net.br\/wp-content\/uploads\/2021\/08\/Hortifruti.jpeg\" class=\"\" alt=\"\" \/>    <\/div>\n<div class=\"kc-elm kc-css-245119 kc_row kc_row_inner\"><div class=\"kc-elm kc-css-402653 kc_col-sm-12 kc_column_inner kc_col-sm-12\"><div class=\"kc_wrapper kc-col-inner-container\">\n<div class=\"kc-elm kc-css-506805 kc-title-wrap \">\n\n\t<h3 class=\"kc_title\">Horti Fruti<\/h3>\n<\/div>\n<div class=\"kc-elm kc-css-611195 kc_text_block\"><\/p>\n<p>Horti Fruti Solid\u00e1rio<\/p>\n<p>\n<\/div><\/div><\/div><\/div><\/div><\/div><\/div><div class=\"kc-elm kc-css-538151\" style=\"height: 24px; clear: both; width:100%;\"><\/div><\/div><\/div><\/div><\/div><\/section><section data-kc-fullwidth=\"row\" class=\"kc-elm kc-css-857618 kc_row\"><div class=\"kc-row-container  kc-container\"><div class=\"kc-wrap-columns\"><div class=\"kc-elm kc-css-469757 kc_col-of-5 kc_column kc_col-of-5\"><div class=\"kc-col-container\"><\/div><\/div><div class=\"kc-elm kc-css-679846 kc_col-sm-7 kc_column kc_col-sm-7\"><div class=\"kc-col-container\">\n<div class=\"kc-elm kc-css-371870 kc-title-wrap \">\n\n\t<h2 class=\"kc_title\">Mude a vida de Algu\u00e9m<\/h2>\n<\/div>\n<div class=\"kc-elm kc-css-529723 kc_text_block\"><\/p>\n<p style=\"text-align: center;\">Ajude com seu tempo ou doando para que possamos chegar a mais pessoas.<\/p>\n<p>\n<\/div><\/div><\/div><div class=\"kc-elm kc-css-844039 kc_col-of-5 kc_column kc_col-of-5\"><div class=\"kc-col-container\"><\/div><\/div><\/div><\/div><\/section><section data-kc-fullwidth=\"content\" class=\"kc-elm kc-css-337248 kc_row\"><div class=\"kc-row-container\"><div class=\"kc-wrap-columns\"><div class=\"kc-elm kc-css-851192 kc_col-sm-12 kc_column kc_col-sm-12\"><div class=\"kc-col-container\"><div class=\"kc-elm kc-css-878492 kc_row kc_row_inner\"><div class=\"kc-elm kc-css-874220 kc_col-sm-3 kc_column_inner kc_col-sm-3\"><div class=\"kc_wrapper kc-col-inner-container\"><\/div><\/div><div class=\"kc-elm kc-css-860733 kc_col-sm-6 kc_column_inner kc_col-sm-6\"><div class=\"kc_wrapper kc-col-inner-container\">\n<div class=\"kc-elm kc-css-432823 kc-title-wrap \">\n\n\t<h2 class=\"kc_title\">Quer manter informado !<\/h2>\n<\/div>\n<div class=\"kc-elm kc-css-472698 kc_text_block\"><\/p>\n<p style=\"text-align: center;\">Acompanhe nossas Redes Sociais<\/p>\n<p>\n<\/div><\/div><\/div><div class=\"kc-elm kc-css-398525 kc_col-sm-3 kc_column_inner kc_col-sm-3\"><div class=\"kc_wrapper kc-col-inner-container\"><\/div><\/div><\/div><div class=\"kc-elm kc-css-479006 kc-animated kc-animate-eff-fadeInUp kc-multi-icons-wrapper\">\n\t\t\t<a href=\"https:\/\/www.facebook.com\/projetosocial.life\" target=\"_blank\" title=\"\" class=\"multi-icons-link multi-iconsfab-facebook-f\">\n\t\t\t<i class=\"fab-facebook-f\"><\/i>\n\t\t<\/a>\n\n\t\t\t<a href=\"https:\/\/www.instagram.com\/projetosocial.life\/\" target=\"_blank\" title=\"\" class=\"multi-icons-link multi-iconssl-social-instagram\">\n\t\t\t<i class=\"sl-social-instagram\"><\/i>\n\t\t<\/a>\n\n\t<\/div>\n<\/div><\/div><\/div><\/div><\/section><section data-kc-fullwidth=\"row\" class=\"kc-elm kc-css-287479 kc_row\"><div class=\"kc-row-container  kc-container\"><div class=\"kc-wrap-columns\"><div class=\"kc-elm kc-css-127688 kc_col-sm-12 kc_column kc_col-sm-12\"><div class=\"kc-col-container\">\n<div class=\"kc-elm kc-css-343032 kc-title-wrap \">\n\n\t<h2 class=\"kc_title\">Ajuda ao Pr\u00f3ximo Sempre.<\/h2>\n<\/div>\n<div class=\"kc-elm kc-css-620817 kc_row kc_row_inner\"><div class=\"kc-elm kc-css-644253 kc_col-sm-5 kc_column_inner kc_col-sm-5\"><div class=\"kc_wrapper kc-col-inner-container\"><div class=\"kc-elm kc-css-874338 kc_text_block\"><\/p>\n<p>\nEntregamos em m\u00e9dia 50 cestas b\u00e1sicas por<br \/>semana. Atuamos em comunidades<br \/>como Lost, Piamontese, Nova Vit\u00f3ria (todas<br \/>pr\u00f3ximas a Raposo Tavares) e tamb\u00e9m em projetos sociais de Jud\u00f4 em Guaianases,<br \/>Cidade Tiradentes e no Bairro do Lim\u00e3o.<\/p>\n<p>\n<\/div><\/div><\/div><div class=\"kc-elm kc-css-157082 kc_col-sm-1 kc_column_inner kc_col-sm-1\"><div class=\"kc_wrapper kc-col-inner-container\"><\/div><\/div><div class=\"kc-elm kc-css-919516 kc_col-sm-6 kc_column_inner kc_col-sm-6\"><div class=\"kc_wrapper kc-col-inner-container\"><div class=\"kc-elm kc-css-892104 kc_row kc_row_inner\"><div class=\"kc-elm kc-css-423788 kc_col-sm-4 kc_column_inner kc_col-sm-4\"><div class=\"kc_wrapper kc-col-inner-container\"><div class=\"kc-elm kc-css-119972 kc_shortcode kc_single_image\">\n\n        <img decoding=\"async\" src=\"https:\/\/projetosociallife.net.br\/wp-content\/uploads\/2021\/05\/WhatsApp-Image-2021-04-04-at-20.45.32.jpeg\" class=\"\" alt=\"\" \/>    <\/div>\n<\/div><\/div><div class=\"kc-elm kc-css-407170 kc_col-sm-4 kc_column_inner kc_col-sm-4\"><div class=\"kc_wrapper kc-col-inner-container\"><div class=\"kc-elm kc-css-193771 kc_shortcode kc_single_image\">\n\n        <img decoding=\"async\" src=\"https:\/\/projetosociallife.net.br\/wp-content\/uploads\/2021\/05\/WhatsApp-Image-2021-04-04-at-20.45.31-4.jpeg\" class=\"\" alt=\"\" \/>    <\/div>\n<\/div><\/div><div class=\"kc-elm kc-css-993085 kc_col-sm-4 kc_column_inner kc_col-sm-4\"><div class=\"kc_wrapper kc-col-inner-container\"><div class=\"kc-elm kc-css-835528 kc_shortcode kc_single_image\">\n\n        <img decoding=\"async\" src=\"https:\/\/projetosociallife.net.br\/wp-content\/uploads\/2021\/05\/WhatsApp-Image-2021-03-21-at-13.38.01.jpeg\" class=\"\" alt=\"\" \/>    <\/div>\n<\/div><\/div><\/div><div class=\"kc-elm kc-css-572527 kc_row kc_row_inner\"><div class=\"kc-elm kc-css-345343 kc_col-sm-4 kc_column_inner kc_col-sm-4\"><div class=\"kc_wrapper kc-col-inner-container\"><div class=\"kc-elm kc-css-456652 kc_shortcode kc_single_image\">\n\n        <img decoding=\"async\" src=\"https:\/\/projetosociallife.net.br\/wp-content\/uploads\/2021\/05\/WhatsApp-Image-2021-03-21-at-13.37.20-1.jpeg\" class=\"\" alt=\"\" \/>    <\/div>\n<\/div><\/div><div class=\"kc-elm kc-css-787934 kc_col-sm-4 kc_column_inner kc_col-sm-4\"><div class=\"kc_wrapper kc-col-inner-container\"><div class=\"kc-elm kc-css-700344 kc_shortcode kc_single_image\">\n\n        <img decoding=\"async\" src=\"https:\/\/projetosociallife.net.br\/wp-content\/uploads\/2021\/05\/WhatsApp-Image-2021-03-21-at-13.32.12-1.jpeg\" class=\"\" alt=\"\" \/>    <\/div>\n<\/div><\/div><div class=\"kc-elm kc-css-293978 kc_col-sm-4 kc_column_inner kc_col-sm-4\"><div class=\"kc_wrapper kc-col-inner-container\"><div class=\"kc-elm kc-css-295200 kc_shortcode kc_single_image\">\n\n        <img decoding=\"async\" src=\"https:\/\/projetosociallife.net.br\/wp-content\/uploads\/2021\/05\/WhatsApp-Image-2021-03-21-at-13.32.11-1.jpeg\" class=\"\" alt=\"\" \/>    <\/div>\n<\/div><\/div><\/div><\/div><\/div><\/div><\/div><\/div><\/div><\/div><\/section><section data-kc-equalheight=\"true\" data-kc-equalheight-align=\"middle\" data-kc-fullwidth=\"row\" class=\"kc-elm kc-css-52723 kc_row\"><div class=\"kc-row-container  kc-container\"><div class=\"kc-wrap-columns\"><div class=\"kc-elm kc-css-232847 kc_col-sm-7 kc_column kc_col-sm-7\"><div class=\"kc-col-container\">\n<div class=\"kc-elm kc-css-643263 kc-title-wrap \">\n\n\t<h2 class=\"kc_title\">Quer ser um Volunt\u00e1rio?<\/h2>\n<\/div>\n<div class=\"kc-elm kc-css-426480 kc_text_block\"><\/p>\n<p>\nFa\u00e7a Parte do nosso Time que saber mais .<\/p>\n<p>\n<\/div><\/div><\/div><div class=\"kc-elm kc-css-69284 kc_col-sm-5 kc_column kc_col-sm-5\"><div class=\"kc-col-container\">\n<div class=\"kc-elm kc-css-70926\">\n\t<a class=\"kc_button\" href=\"https:\/\/www.instagram.com\/projetosocial.life\/\" target=\"_blank\" title=\"\" onclick=\"\">\n\t\tClique aqui\t<\/a>\n<\/div>\n<\/div><\/div><\/div><\/div><\/section><\/p>\n","protected":false},"excerpt":{"rendered":"","protected":false},"author":1,"featured_media":0,"parent":0,"menu_order":0,"comment_status":"closed","ping_status":"closed","template":"","meta":{"footnotes":""},"class_list":["post-5516","page","type-page","status-publish","hentry"],"_links":{"self":[{"href":"https:\/\/projetosociallife.net.br\/index.php\/wp-json\/wp\/v2\/pages\/5516","targetHints":{"allow":["GET"]}}],"collection":[{"href":"https:\/\/projetosociallife.net.br\/index.php\/wp-json\/wp\/v2\/pages"}],"about":[{"href":"https:\/\/projetosociallife.net.br\/index.php\/wp-json\/wp\/v2\/types\/page"}],"author":[{"embeddable":true,"href":"https:\/\/projetosociallife.net.br\/index.php\/wp-json\/wp\/v2\/users\/1"}],"replies":[{"embeddable":true,"href":"https:\/\/projetosociallife.net.br\/index.php\/wp-json\/wp\/v2\/comments?post=5516"}],"version-history":[{"count":234,"href":"https:\/\/projetosociallife.net.br\/index.php\/wp-json\/wp\/v2\/pages\/5516\/revisions"}],"predecessor-version":[{"id":8738,"href":"https:\/\/projetosociallife.net.br\/index.php\/wp-json\/wp\/v2\/pages\/5516\/revisions\/8738"}],"wp:attachment":[{"href":"https:\/\/projetosociallife.net.br\/index.php\/wp-json\/wp\/v2\/media?parent=5516"}],"curies":[{"name":"wp","href":"https:\/\/api.w.org\/{rel}","templated":true}]}}