{"id":5811,"date":"2018-12-06T06:07:03","date_gmt":"2018-12-06T06:07:03","guid":{"rendered":"http:\/\/demo.detheme.com\/donatics-disaster\/?page_id=5811"},"modified":"2021-09-28T18:15:48","modified_gmt":"2021-09-28T21:15:48","slug":"contato","status":"publish","type":"page","link":"https:\/\/projetosociallife.net.br\/index.php\/contato\/","title":{"rendered":"Contato"},"content":{"rendered":"<p><section data-kc-fullwidth=\"content\" class=\"kc-elm kc-css-83747 kc_row fw_kc_row\"><div class=\"kc-row-container\"><div class=\"kc-wrap-columns\"><div class=\"kc-elm kc-css-662673 kc_col-sm-12 kc_column kc_col-sm-12\"><div class=\"kc-col-container\"><div class=\"kc-elm kc-css-459557 kc_google_maps kc_shortcode\"><div style=\"height: 450px\" class=\"kc-google-maps\"><iframe src=\"https:\/\/www.google.com\/maps\/embed?pb=!1m18!1m12!1m3!1d1828.4674522153393!2d-46.73016354196815!3d-23.570781296169557!2m3!1f0!2f0!3f0!3m2!1i1024!2i768!4f13.1!3m3!1m2!1s0x94ce5714cfd1a003%3A0x950f4f43ea0a60af!2sPra%C3%A7a%20Santo%20Epif%C3%A2nio%2C%20194%20-%20Butant%C3%A3%2C%20S%C3%A3o%20Paulo%20-%20SP%2C%2005586-070!5e0!3m2!1spt-BR!2sbr!4v1632263314579!5m2!1spt-BR!2sbr\" width=\"100%\" height=\"450\" style=\"border:0;\" allowfullscreen=\"\" loading=\"lazy\"><\/iframe><\/div><\/div><\/div><\/div><\/div><\/div><\/section><section data-kc-equalheight=\"true\" data-kc-equalheight-align=\"middle\" data-kc-fullwidth=\"row\" class=\"kc-elm kc-css-882506 kc_row normalize-kc-padding\"><div class=\"kc-row-container  kc-container\"><div class=\"kc-wrap-columns\"><div class=\"kc-elm kc-css-168017 kc_col-sm-5 kc_column kc_col-sm-5\"><div class=\"kc-col-container\"><div class=\"kc-elm kc-css-987852 kc_row kc_row_inner\"><div class=\"kc-elm kc-css-559830 kc_col-sm-12 kc_column_inner kc_col-sm-12\"><div class=\"kc_wrapper kc-col-inner-container\">\n<div class=\"kc-elm kc-css-985041 kc-title-wrap \">\n\n\t<h2 class=\"kc_title\">Entre em Contato:<\/h2>\n<\/div>\n<div class=\"kc-elm kc-css-535446 kc-multi-icons-wrapper\">\n\t\t\t<a href=\"https:\/\/www.facebook.com\/projetosocial.life\" target=\"_blank\" title=\"Facebook - Projeto Social Life\" class=\"multi-icons-link multi-iconsfab-facebook-f\">\n\t\t\t<i class=\"fab-facebook-f\"><\/i>\n\t\t<\/a>\n\n\t\t\t<a href=\"https:\/\/www.instagram.com\/projetosocial.life\/\" target=\"_blank\" title=\"Instagram - Projeto Social Life\" class=\"multi-icons-link multi-iconssl-social-instagram\">\n\t\t\t<i class=\"sl-social-instagram\"><\/i>\n\t\t<\/a>\n\n\t<\/div>\n<\/div><\/div><\/div><div class=\"kc-elm kc-css-93693 kc_row kc_row_inner\"><div class=\"kc-elm kc-css-914803 kc_col-sm-12 kc_column_inner kc_col-sm-12 profile\"><div class=\"kc_wrapper kc-col-inner-container\"><div class=\"kc-elm kc-css-112619 kc_shortcode kc_single_image\">\n\n        <img decoding=\"async\" src=\"https:\/\/projetosociallife.net.br\/wp-content\/uploads\/2021\/08\/WhatsApp-Image-2021-08-01-at-20.52.00-1-150x150xc.jpeg\" class=\"\" alt=\"\" \/>    <\/div>\n\n<div class=\"kc-elm kc-css-878483 divider_line\">\n\t<div class=\"divider_inner divider_line1\">\n\t\t\t<\/div>\n<\/div>\n\n<div class=\"kc-elm kc-css-953437 kc-title-wrap \">\n\n\t<h4 class=\"kc_title\">Fernando Silva<\/h4>\n<\/div>\n<div class=\"kc-elm kc-css-724525 kc_text_block\"><\/p>\n<p style=\"text-align: center;\">Respons\u00e1vel pelo Projeto<\/p>\n<p>\n<\/div><\/div><\/div><\/div><\/div><\/div><div class=\"kc-elm kc-css-575286 kc_col-sm-1 kc_column kc_col-sm-1\"><div class=\"kc-col-container\"><\/div><\/div><div class=\"kc-elm kc-css-357783 kc_col-sm-6 kc_column kc_col-sm-6\"><div class=\"kc-col-container\"><div class=\"kc-elm kc-css-342754 kc_row kc_row_inner\"><div class=\"kc-elm kc-css-161206 kc_col-sm-6 kc_column_inner kc_col-sm-6\"><div class=\"kc_wrapper kc-col-inner-container\">\n<div class=\"kc-elm kc-css-358930 kc-title-wrap \">\n\n\t<h3 class=\"kc_title\">Nos ajude a Ajudar:<\/h3>\n<\/div>\n<div class=\"kc-elm kc-css-877474 kc_text_block\"><\/p>\n<p>O apoio de cada um que doa seu tempo, m\u00e3o de obra, o nosso time de volunt\u00e1rios, \u00e9 o motivo de conseguirmos ajudar cada vez mais pessoas\ud83d\ude4f<\/p>\n<p>\n<\/div><div class=\"kc-elm kc-css-885357 kc-feature-boxes kc-fb-layout-3\">\n\n\t<div class=\"content-icon\"><i class=\"fa-circle\"><\/i><\/div><div class=\"box-right\"><div class=\"content-desc\">Salvando Vidas<\/div><\/div>\n<\/div>\n<div class=\"kc-elm kc-css-79858 kc-feature-boxes kc-fb-layout-3\">\n\n\t<div class=\"content-icon\"><i class=\"fa-circle\"><\/i><\/div><div class=\"box-right\"><div class=\"content-desc\">Salvando Pessoas<\/div><\/div>\n<\/div>\n<div class=\"kc-elm kc-css-150423 kc-feature-boxes kc-fb-layout-3\">\n\n\t<div class=\"content-icon\"><i class=\"fa-circle\"><\/i><\/div><div class=\"box-right\"><div class=\"content-desc\">Ter Dignidade<\/div><\/div>\n<\/div>\n<div class=\"kc-elm kc-css-459740 kc-feature-boxes kc-fb-layout-3\">\n\n\t<div class=\"content-icon\"><i class=\"fa-circle\"><\/i><\/div><div class=\"box-right\"><div class=\"content-desc\">Ajudar o Pr\u00f3ximo<\/div><\/div>\n<\/div>\n<\/div><\/div><div class=\"kc-elm kc-css-973186 kc_col-sm-6 kc_column_inner kc_col-sm-6\"><div class=\"kc_wrapper kc-col-inner-container\">\n<div class=\"kc-elm kc-css-745986 kc-title-wrap \">\n\n\t<h3 class=\"kc_title\">Nossos Contatos<\/h3>\n<\/div>\n<div class=\"kc-elm kc-css-360858 kc_text_block\"><\/p>\n<p>\n<i class=\"sl sl-envelope-open\" style=\"color: #85ae33;\"><\/i><span style=\"font-style: inherit; font-family: -apple-system, BlinkMacSystemFont,;\"><span style=\"font-family: FontAwesome;\">\u00a0 \u00a0<\/span><\/span><span style=\"font-style: inherit; font-family: -apple-system, BlinkMacSystemFont,;\">Email<\/span><\/p>\n<p>\n<\/div><div class=\"kc-elm kc-css-177267 kc_text_block\"><\/p>\n<p>contato@projetosociallife.net.br<\/p>\n<p>\n<\/div><div class=\"kc-elm kc-css-157012 kc_text_block\"><\/p>\n<p>Telefone:<\/p>\n<p>\n<\/div><div class=\"kc-elm kc-css-279005 kc_text_block\"><\/p>\n<p>11 &#8211; 99732-3294<\/p>\n<p>\n<\/div><div class=\"kc-elm kc-css-818504 kc_text_block\"><\/p>\n<p>Nosso Ender\u00e7o:<\/p>\n<p>\n<\/div><div class=\"kc-elm kc-css-208358 kc_text_block\"><\/p>\n<p><span style=\"font-weight: 400;\">Pra\u00e7a Santo Epif\u00e2nio,194\u00a0\u00a0<\/span><\/p>\n<p><span style=\"font-weight: 400;\">Bairro: Butant\u00e3 <\/span><\/p>\n<p><span style=\"font-weight: 400;\">Cidade: S\u00e3o Paulo &#8211;\u00a0<\/span><span style=\"font-weight: 400;\">CEP :05586-070<\/span><\/p>\n<p>\n<\/div><\/div><\/div><\/div><\/div><\/div><\/div><\/div><\/section><\/p>\n","protected":false},"excerpt":{"rendered":"","protected":false},"author":1,"featured_media":0,"parent":0,"menu_order":0,"comment_status":"closed","ping_status":"closed","template":"","meta":{"footnotes":""},"class_list":["post-5811","page","type-page","status-publish","hentry"],"_links":{"self":[{"href":"https:\/\/projetosociallife.net.br\/index.php\/wp-json\/wp\/v2\/pages\/5811","targetHints":{"allow":["GET"]}}],"collection":[{"href":"https:\/\/projetosociallife.net.br\/index.php\/wp-json\/wp\/v2\/pages"}],"about":[{"href":"https:\/\/projetosociallife.net.br\/index.php\/wp-json\/wp\/v2\/types\/page"}],"author":[{"embeddable":true,"href":"https:\/\/projetosociallife.net.br\/index.php\/wp-json\/wp\/v2\/users\/1"}],"replies":[{"embeddable":true,"href":"https:\/\/projetosociallife.net.br\/index.php\/wp-json\/wp\/v2\/comments?post=5811"}],"version-history":[{"count":48,"href":"https:\/\/projetosociallife.net.br\/index.php\/wp-json\/wp\/v2\/pages\/5811\/revisions"}],"predecessor-version":[{"id":8769,"href":"https:\/\/projetosociallife.net.br\/index.php\/wp-json\/wp\/v2\/pages\/5811\/revisions\/8769"}],"wp:attachment":[{"href":"https:\/\/projetosociallife.net.br\/index.php\/wp-json\/wp\/v2\/media?parent=5811"}],"curies":[{"name":"wp","href":"https:\/\/api.w.org\/{rel}","templated":true}]}}