{"id":5815,"date":"2018-12-06T06:09:37","date_gmt":"2018-12-06T06:09:37","guid":{"rendered":"http:\/\/demo.detheme.com\/donatics-disaster\/?page_id=5815"},"modified":"2021-09-16T20:27:12","modified_gmt":"2021-09-16T23:27:12","slug":"prestacao-de-contas","status":"publish","type":"page","link":"https:\/\/projetosociallife.net.br\/index.php\/prestacao-de-contas\/","title":{"rendered":"Presta\u00e7\u00e3o de Contas"},"content":{"rendered":"<p><section class=\"kc-elm kc-css-507390 kc_row\"><div class=\"kc-row-container  kc-container\"><div class=\"kc-wrap-columns\"><div class=\"kc-elm kc-css-568878 kc_col-sm-12 kc_column kc_col-sm-12\"><div class=\"kc-col-container\"><div class=\"kc-elm kc-css-956588 kc_accordion_wrapper\">\n<div class=\"kc-elm kc-css-101631 kc_accordion_section group \"><h3 class=\"kc_accordion_header ui-accordion-header\"><span class=\"ui-accordion-header-icon ui-icon\"><\/span><a href=\"#transparencia\" data-prevent=\"scroll\"><i class=\"fa-circle\"><\/i> Transpar\u00eancia<\/a><\/h3><div class=\"kc_accordion_content ui-accordion-content kc_clearfix\"><div class=\"kc-panel-body\"><div class=\"kc-elm kc-css-950940 kc_text_block\"><\/p>\n<p>Transpar\u00eancia em todas as a\u00e7\u00f5es, sejam elas leil\u00f5es, rifas ou qualquer a\u00e7\u00e3o que envolva o projeto.<\/p>\n<p>\n<\/div><\/div><\/div><\/div><div class=\"kc-elm kc-css-214409 kc_accordion_section group \"><h3 class=\"kc_accordion_header ui-accordion-header\"><span class=\"ui-accordion-header-icon ui-icon\"><\/span><a href=\"#credibilidade-no-que-servimos\" data-prevent=\"scroll\"><i class=\"fa-circle\"><\/i> Credibilidade no que servimos!<\/a><\/h3><div class=\"kc_accordion_content ui-accordion-content kc_clearfix\"><div class=\"kc-panel-body\"><div class=\"kc-elm kc-css-518325 kc_text_block\"><\/p>\n<p>Tanto a comida quanto a \u00e1gua s\u00e3o destinadas as a\u00e7\u00f5es. Os volunt\u00e1rios s\u00f3 podem consumir de algum alimento, ap\u00f3s a constata\u00e7\u00e3o que tanto os moradores de rua, moradores de favelas ou o foco da a\u00e7\u00e3o tenha usufru\u00eddo do mesmo.<\/p>\n<p>\n<\/div><\/div><\/div><\/div><div class=\"kc-elm kc-css-949134 kc_accordion_section group \"><h3 class=\"kc_accordion_header ui-accordion-header\"><span class=\"ui-accordion-header-icon ui-icon\"><\/span><a href=\"#zelando-pelo-proximo\" data-prevent=\"scroll\"><i class=\"fa-circle\"><\/i> Zelando pelo Pr\u00f3ximo.<\/a><\/h3><div class=\"kc_accordion_content ui-accordion-content kc_clearfix\"><div class=\"kc-panel-body\"><div class=\"kc-elm kc-css-575304 kc_text_block\"><\/p>\n<p>Todos cuidam de todos. Ou seja aten\u00e7\u00e3o m\u00e1xima nas a\u00e7\u00f5es, sempre cuidando e zelando pelo bem estar de nossos volunt\u00e1rios.<\/p>\n<p>\n<\/div><\/div><\/div><\/div><div class=\"kc-elm kc-css-176601 kc_accordion_section group \"><h3 class=\"kc_accordion_header ui-accordion-header\"><span class=\"ui-accordion-header-icon ui-icon\"><\/span><a href=\"#pontualidade\" data-prevent=\"scroll\"><i class=\"fa-circle\"><\/i> Pontualidade<\/a><\/h3><div class=\"kc_accordion_content ui-accordion-content kc_clearfix\"><div class=\"kc-panel-body\"><div class=\"kc-elm kc-css-315580 kc_text_block\"><\/p>\n<p>Sempre respeitar os hor\u00e1rios pr\u00e9-determinados para as a\u00e7\u00f5es.<\/p>\n<p>\n<\/div><\/div><\/div><\/div><div class=\"kc-elm kc-css-123406 kc_accordion_section group \"><h3 class=\"kc_accordion_header ui-accordion-header\"><span class=\"ui-accordion-header-icon ui-icon\"><\/span><a href=\"#responsabilidade\" data-prevent=\"scroll\"><i class=\"fa-circle\"><\/i> Responsabilidade<\/a><\/h3><div class=\"kc_accordion_content ui-accordion-content kc_clearfix\"><div class=\"kc-panel-body\"><div class=\"kc-elm kc-css-104353 kc_text_block\"><\/p>\n<p>Toda doa\u00e7\u00e3o recebida ou a\u00e7\u00e3o de arrecada\u00e7\u00e3o destinada ao projeto, deve ser reportada aos respons\u00e1veis do projeto ou informado no grupo, sempre zelando pelo item 1 descrito nesta diretiva.<\/p>\n<p>\n<\/div><\/div><\/div><\/div><\/div>\n<\/div><\/div><\/div><\/div><\/section><section class=\"kc-elm kc-css-488297 kc_row\"><div class=\"kc-row-container  kc-container\"><div class=\"kc-wrap-columns\"><div class=\"kc-elm kc-css-993946 kc_col-sm-12 kc_column kc_col-sm-12\"><div class=\"kc-col-container\">\n<div class=\"kc-elm kc-css-715659 divider_line\">\n\t<div class=\"divider_inner divider_line2\">\n\t\t<i class=\"et-heart\"><\/i>\t<\/div>\n<\/div>\n<\/div><\/div><\/div><\/div><\/section><\/p>\n","protected":false},"excerpt":{"rendered":"","protected":false},"author":1,"featured_media":0,"parent":0,"menu_order":0,"comment_status":"closed","ping_status":"closed","template":"","meta":{"footnotes":""},"class_list":["post-5815","page","type-page","status-publish","hentry"],"_links":{"self":[{"href":"https:\/\/projetosociallife.net.br\/index.php\/wp-json\/wp\/v2\/pages\/5815","targetHints":{"allow":["GET"]}}],"collection":[{"href":"https:\/\/projetosociallife.net.br\/index.php\/wp-json\/wp\/v2\/pages"}],"about":[{"href":"https:\/\/projetosociallife.net.br\/index.php\/wp-json\/wp\/v2\/types\/page"}],"author":[{"embeddable":true,"href":"https:\/\/projetosociallife.net.br\/index.php\/wp-json\/wp\/v2\/users\/1"}],"replies":[{"embeddable":true,"href":"https:\/\/projetosociallife.net.br\/index.php\/wp-json\/wp\/v2\/comments?post=5815"}],"version-history":[{"count":14,"href":"https:\/\/projetosociallife.net.br\/index.php\/wp-json\/wp\/v2\/pages\/5815\/revisions"}],"predecessor-version":[{"id":8674,"href":"https:\/\/projetosociallife.net.br\/index.php\/wp-json\/wp\/v2\/pages\/5815\/revisions\/8674"}],"wp:attachment":[{"href":"https:\/\/projetosociallife.net.br\/index.php\/wp-json\/wp\/v2\/media?parent=5815"}],"curies":[{"name":"wp","href":"https:\/\/api.w.org\/{rel}","templated":true}]}}