{"id":6259,"date":"2018-08-09T06:30:08","date_gmt":"2018-08-09T06:30:08","guid":{"rendered":"http:\/\/demo.vastthemes.com\/charity\/?page_id=1867"},"modified":"2021-09-21T20:14:22","modified_gmt":"2021-09-21T23:14:22","slug":"doe-agora","status":"publish","type":"page","link":"https:\/\/projetosociallife.net.br\/index.php\/doe-agora\/","title":{"rendered":"Doe Agora"},"content":{"rendered":"<section class=\"kc-elm kc-css-190223 kc_row normalize-kc-padding\"><div class=\"kc-row-container  kc-container\"><div class=\"kc-wrap-columns\"><div class=\"kc-elm kc-css-583013 kc_col-sm-7 kc_column kc_col-sm-7\"><div class=\"kc-col-container\">\n<div class=\"kc-elm kc-css-241024 kc-title-wrap \">\n\n\t<h2 class=\"kc_title\">Nossas Principais A\u00e7\u00f5es<\/h2>\n<\/div>\n\n<div class=\"kc-elm kc-css-901193 divider_line\">\n\t<div class=\"divider_inner divider_line1\">\n\t\t\t<\/div>\n<\/div>\n<div class=\"kc-elm kc-css-925109\" style=\"height: 20px; clear: both; width:100%;\"><\/div><div class=\"kc-elm kc-css-496331 kc_accordion_wrapper\">\n<div class=\"kc-elm kc-css-661351 kc_accordion_section group \"><h3 class=\"kc_accordion_header ui-accordion-header\"><span class=\"ui-accordion-header-icon ui-icon\"><\/span><a href=\"#voce-pode-colaborar\" data-prevent=\"scroll\"><i class=\"fa-star\"><\/i> Voc\u00ea pode Colaborar!<\/a><\/h3><div class=\"kc_accordion_content ui-accordion-content kc_clearfix\"><div class=\"kc-panel-body\"><div class=\"kc-elm kc-css-567148 kc_text_block\"><\/p>\n<p>Voc\u00ea pode colaborar com a nossa corrente do bem? Aceitamos doa\u00e7\u00e3o de m\u00e3o de obra para prepara\u00e7\u00e3o de marmitas, valores para financiar a compra de alimentos e itens de higiene e desapegos. Colabore e nos ajude a ajudar cada vez mais! \ud83d\ude4c\ud83c\udffb\ud83d\udc95<\/p>\n<p>\n<\/div><\/div><\/div><\/div><div class=\"kc-elm kc-css-975449 kc_accordion_section group \"><h3 class=\"kc_accordion_header ui-accordion-header\"><span class=\"ui-accordion-header-icon ui-icon\"><\/span><a href=\"#arrecadacao\" data-prevent=\"scroll\"><i class=\"fa-star\"><\/i> Arrecada\u00e7\u00e3o<\/a><\/h3><div class=\"kc_accordion_content ui-accordion-content kc_clearfix\"><div class=\"kc-panel-body\"><div class=\"kc-elm kc-css-555570 kc_text_block\"><\/p>\n<p><span style=\"color: #444444; font-family: -apple-system, BlinkMacSystemFont, 'Segoe UI', Roboto, Oxygen-Sans, Ubuntu, Cantarell, 'Helvetica Neue', sans-serif; font-size: 14px;\">Atuamos tamb\u00e9m buscando doa\u00e7\u00f5es para comunidades ( San Remo, 1.010 e S\u00e3o Domingos) com o ve\u00edculo do projeto e tamb\u00e9m realizamos um bazar todo \u00faltimo s\u00e1bado do m\u00eas.<\/span><\/p>\n<p>\n<\/div><\/div><\/div><\/div><div class=\"kc-elm kc-css-224276 kc_accordion_section group \"><h3 class=\"kc_accordion_header ui-accordion-header\"><span class=\"ui-accordion-header-icon ui-icon\"><\/span><a href=\"#locais-de-entrega\" data-prevent=\"scroll\"><i class=\"fa-star\"><\/i> Locais de Entrega<\/a><\/h3><div class=\"kc_accordion_content ui-accordion-content kc_clearfix\"><div class=\"kc-panel-body\"><div class=\"kc-elm kc-css-175971 kc_text_block\"><\/p>\n<p class=\"MsoNormal\">As marmitas s\u00e3o entregues no Centro de S\u00e3o Paulo nos<br \/>seguintes locais:<\/p>\n<p>\u2022 Pra\u00e7a da S\u00e9<br \/>\u2022 Pra\u00e7a da Rep\u00fablica<br \/>\u2022 Pateo do Col\u00e9gio<br \/>\u2022 Comunidades carentes<br \/>\u2022 Projetos sociais de esportes<\/p>\n<p>\n<\/div><\/div><\/div><\/div><div class=\"kc-elm kc-css-411976 kc_accordion_section group \"><h3 class=\"kc_accordion_header ui-accordion-header\"><span class=\"ui-accordion-header-icon ui-icon\"><\/span><a href=\"#dias-de-entrega\" data-prevent=\"scroll\"><i class=\"fa-star\"><\/i> Dias de Entrega<\/a><\/h3><div class=\"kc_accordion_content ui-accordion-content kc_clearfix\"><div class=\"kc-panel-body\"><div class=\"kc-elm kc-css-678730 kc_text_block\"><\/p>\n<ul>\n<li><span style=\"font-weight: 400;\">Marmitas &#8211; Quarta-feira e s\u00e1bado<\/span><\/li>\n<li><span style=\"font-weight: 400;\">Cesta b\u00e1sica &#8211; Ter\u00e7a-feira e quinta-feira<\/span><\/li>\n<li><span style=\"font-weight: 400;\">Hortifruti &#8211; Sexta-feira\u00a0<\/span><\/li>\n<\/ul>\n<p>\n<\/div><\/div><\/div><\/div><div class=\"kc-elm kc-css-536586 kc_accordion_section group \"><h3 class=\"kc_accordion_header ui-accordion-header\"><span class=\"ui-accordion-header-icon ui-icon\"><\/span><a href=\"#sobre-as-entregas-de-marmitas\" data-prevent=\"scroll\"><i class=\"fa-star\"><\/i> Sobre as Entregas de Marmitas<\/a><\/h3><div class=\"kc_accordion_content ui-accordion-content kc_clearfix\"><div class=\"kc-panel-body\"><div class=\"kc-elm kc-css-730755 kc_text_block\"><\/p>\n<p><span style=\"color: #444444; font-family: -apple-system, BlinkMacSystemFont, 'Segoe UI', Roboto, Oxygen-Sans, Ubuntu, Cantarell, 'Helvetica Neue', sans-serif; font-size: 14px;\">Atualmente entregamos em m\u00e9dia 1.500 marmitas por semana, e acontece nas\u00a0 quartas-feiras e s\u00e1bado.<\/span><br style=\"max-width: 100%; line-height: normal; color: #444444; font-family: -apple-system, BlinkMacSystemFont, 'Segoe UI', Roboto, Oxygen-Sans, Ubuntu, Cantarell, 'Helvetica Neue', sans-serif; font-size: 14px;\" \/><span style=\"color: #444444; font-family: -apple-system, BlinkMacSystemFont, 'Segoe UI', Roboto, Oxygen-Sans, Ubuntu, Cantarell, 'Helvetica Neue', sans-serif; font-size: 14px;\">As cestas b\u00e1sicas s\u00e3o entregues \u00e0s ter\u00e7as-feiras e quintas-feira. E os hortifruts nas sextas-feiras.<\/span><\/p>\n<p>\n<\/div><\/div><\/div><\/div><div class=\"kc-elm kc-css-207762 kc_accordion_section group \"><h3 class=\"kc_accordion_header ui-accordion-header\"><span class=\"ui-accordion-header-icon ui-icon\"><\/span><a href=\"#entregas-de-kits\" data-prevent=\"scroll\"><i class=\"fa-star\"><\/i> Entregas de Kits<\/a><\/h3><div class=\"kc_accordion_content ui-accordion-content kc_clearfix\"><div class=\"kc-panel-body\"><div class=\"kc-elm kc-css-847545 kc_text_block\"><\/p>\n<p>Entregamos tamb\u00e9m Kits Higi\u00eanicos masculinos e femininos, frutas (banana e ma\u00e7\u00e3) garrafa de \u00e1gua, ra\u00e7\u00e3o para cachorro e as sobremesas.<\/p>\n<p>\n<\/div><\/div><\/div><\/div><div class=\"kc-elm kc-css-190824 kc_accordion_section group \"><h3 class=\"kc_accordion_header ui-accordion-header\"><span class=\"ui-accordion-header-icon ui-icon\"><\/span><a href=\"#entrega-de-cestas-basicas\" data-prevent=\"scroll\"><i class=\"fa-star\"><\/i> Entrega de Cestas B\u00e1sicas<\/a><\/h3><div class=\"kc_accordion_content ui-accordion-content kc_clearfix\"><div class=\"kc-panel-body\"><div class=\"kc-elm kc-css-307073 kc_text_block\"><\/p>\n<p style=\"font-size: 14px; line-height: normal; margin: 1em 0px; max-width: 100%; color: #444444; font-family: -apple-system, BlinkMacSystemFont, 'Segoe UI', Roboto, Oxygen-Sans, Ubuntu, Cantarell, 'Helvetica Neue', sans-serif;\">Entregamos em m\u00e9dia 50 cestas b\u00e1sicas por semana.<\/p>\n<p style=\"font-size: 14px; line-height: normal; margin: 1em 0px; max-width: 100%; color: #444444; font-family: -apple-system, BlinkMacSystemFont, 'Segoe UI', Roboto, Oxygen-Sans, Ubuntu, Cantarell, 'Helvetica Neue', sans-serif;\">Atuamos em comunidades como Lost,Nova Vit\u00f3ria, Limite, Bode Z\u00e9 e Jardim Jaqueline (todas pr\u00f3ximas a Raposo Tavares) e tamb\u00e9m em projetos sociais de Jud\u00f4 em Guaianases, Cidade Tiradentes e no Bairro do Lim\u00e3o.<\/p>\n<p>\n<\/div><\/div><\/div><\/div><\/div>\n<\/div><\/div><div class=\"kc-elm kc-css-747502 kc_col-sm-1 kc_column kc_col-sm-1\"><div class=\"kc-col-container\"><\/div><\/div><div class=\"kc-elm kc-css-476395 kc_col-sm-4 kc_column kc_col-sm-4\"><div class=\"kc-col-container\"><div class=\"kc-elm kc-css-356683 kc_row kc_row_inner\"><div class=\"kc-elm kc-css-151332 kc_col-sm-12 kc_column_inner kc_col-sm-12\"><div class=\"kc_wrapper kc-col-inner-container\">\n<div class=\"kc-elm kc-css-854177 kc-title-wrap \">\n\n\t<h2 class=\"kc_title\">Doe Agora<\/h2>\n<\/div>\n\n<div class=\"kc-elm kc-css-123328 divider_line\">\n\t<div class=\"divider_inner divider_line1\">\n\t\t\t<\/div>\n<\/div>\n<div class=\"kc-elm kc-css-753739 kc_shortcode kc_single_image\">\n\n        <img decoding=\"async\" src=\"https:\/\/projetosociallife.net.br\/wp-content\/uploads\/2021\/08\/pix_conta.jpeg\" class=\"\" alt=\"\" \/>    <\/div>\n<\/div><\/div><\/div><\/div><\/div><\/div><\/div><\/section>\n","protected":false},"excerpt":{"rendered":"","protected":false},"author":1,"featured_media":0,"parent":0,"menu_order":0,"comment_status":"closed","ping_status":"closed","template":"","meta":{"footnotes":""},"class_list":["post-6259","page","type-page","status-publish","hentry"],"_links":{"self":[{"href":"https:\/\/projetosociallife.net.br\/index.php\/wp-json\/wp\/v2\/pages\/6259","targetHints":{"allow":["GET"]}}],"collection":[{"href":"https:\/\/projetosociallife.net.br\/index.php\/wp-json\/wp\/v2\/pages"}],"about":[{"href":"https:\/\/projetosociallife.net.br\/index.php\/wp-json\/wp\/v2\/types\/page"}],"author":[{"embeddable":true,"href":"https:\/\/projetosociallife.net.br\/index.php\/wp-json\/wp\/v2\/users\/1"}],"replies":[{"embeddable":true,"href":"https:\/\/projetosociallife.net.br\/index.php\/wp-json\/wp\/v2\/comments?post=6259"}],"version-history":[{"count":15,"href":"https:\/\/projetosociallife.net.br\/index.php\/wp-json\/wp\/v2\/pages\/6259\/revisions"}],"predecessor-version":[{"id":8743,"href":"https:\/\/projetosociallife.net.br\/index.php\/wp-json\/wp\/v2\/pages\/6259\/revisions\/8743"}],"wp:attachment":[{"href":"https:\/\/projetosociallife.net.br\/index.php\/wp-json\/wp\/v2\/media?parent=6259"}],"curies":[{"name":"wp","href":"https:\/\/api.w.org\/{rel}","templated":true}]}}