{"id":6661,"date":"2019-01-03T03:24:57","date_gmt":"2019-01-03T03:24:57","guid":{"rendered":"http:\/\/demo.detheme.com\/donatics-children\/?page_id=6661"},"modified":"2021-09-21T21:55:48","modified_gmt":"2021-09-22T00:55:48","slug":"nossas-campanhas","status":"publish","type":"page","link":"https:\/\/projetosociallife.net.br\/index.php\/nossas-campanhas\/","title":{"rendered":"Nossas Campanhas"},"content":{"rendered":"<section data-kc-fullwidth=\"row\" class=\"kc-elm kc-css-249881 kc_row\"><div class=\"kc-row-container  kc-container\"><div class=\"kc-wrap-columns\"><div class=\"kc-elm kc-css-575605 kc_col-sm-12 kc_column kc_col-sm-12\"><div class=\"kc-col-container\">\n<div class=\"kc-elm kc-css-824405 kc-title-wrap \">\n\n\t<h2 class=\"kc_title\">Nossas campanhas<\/h2>\n<\/div>\n<div class=\"kc-elm kc-css-694897 kc_row kc_row_inner\"><div class=\"kc-elm kc-css-509603 kc_col-sm-3 kc_column_inner kc_col-sm-3\"><div class=\"kc_wrapper kc-col-inner-container\"><\/div><\/div><div class=\"kc-elm kc-css-72581 kc_col-sm-6 kc_column_inner kc_col-sm-6\"><div class=\"kc_wrapper kc-col-inner-container\"><div class=\"kc-elm kc-css-52950 kc_text_block\"><\/p>\n<p>Realizamos as A\u00e7\u00f5es na Grande S\u00e3o Paulo e Regi\u00e3o<\/p>\n<p>\n<\/div>\n<div class=\"kc-elm kc-css-986700 divider_line\">\n\t<div class=\"divider_inner divider_line1\">\n\t\t\t<\/div>\n<\/div>\n<\/div><\/div><div class=\"kc-elm kc-css-381387 kc_col-sm-3 kc_column_inner kc_col-sm-3\"><div class=\"kc_wrapper kc-col-inner-container\"><\/div><\/div><\/div><div class=\"kc-elm kc-css-541605 kc_row kc_row_inner\"><div class=\"kc-elm kc-css-934052 kc_col-sm-3 kc_column_inner kc_col-sm-3\"><div class=\"menu-card kc_wrapper kc-col-inner-container\"><div class=\"kc-elm kc-css-807316 kc_shortcode kc_single_image\">\n\n        <img decoding=\"async\" src=\"https:\/\/projetosociallife.net.br\/wp-content\/uploads\/2021\/08\/Bazar-1.jpeg\" class=\"\" alt=\"\" \/>    <\/div>\n<div class=\"kc-elm kc-css-77171 kc_row kc_row_inner\"><div class=\"kc-elm kc-css-434042 kc_col-sm-12 kc_column_inner kc_col-sm-12\"><div class=\"kc_wrapper kc-col-inner-container\">\n<div class=\"kc-elm kc-css-300404 kc-title-wrap \">\n\n\t<h3 class=\"kc_title\"><\/h3>\n<\/div>\n<div class=\"kc-elm kc-css-538276 kc_text_block\"><\/p>\n<p>\n<\/div><\/div><\/div><\/div><\/div><\/div><div class=\"kc-elm kc-css-967550 kc_col-sm-3 kc_column_inner kc_col-sm-3\"><div class=\"menu-card kc_wrapper kc-col-inner-container\"><div class=\"kc-elm kc-css-742982 kc_shortcode kc_single_image\">\n\n        <img decoding=\"async\" src=\"https:\/\/projetosociallife.net.br\/wp-content\/uploads\/2021\/08\/Comunidade-Lost.jpeg\" class=\"\" alt=\"\" \/>    <\/div>\n<div class=\"kc-elm kc-css-632833 kc_row kc_row_inner\"><div class=\"kc-elm kc-css-347381 kc_col-sm-12 kc_column_inner kc_col-sm-12\"><div class=\"kc_wrapper kc-col-inner-container\">\n<div class=\"kc-elm kc-css-544715 kc-title-wrap \">\n\n\t<h3 class=\"kc_title\"><\/h3>\n<\/div>\n<div class=\"kc-elm kc-css-883762 kc_text_block\"><\/p>\n<p>\n<\/div><\/div><\/div><\/div><\/div><\/div><div class=\"kc-elm kc-css-896760 kc_col-sm-3 kc_column_inner kc_col-sm-3\"><div class=\"menu-card kc_wrapper kc-col-inner-container\"><div class=\"kc-elm kc-css-740472 kc_shortcode kc_single_image\">\n\n        <img decoding=\"async\" src=\"https:\/\/projetosociallife.net.br\/wp-content\/uploads\/2021\/08\/Marmitas-II.jpeg\" class=\"\" alt=\"\" \/>    <\/div>\n<div class=\"kc-elm kc-css-90467 kc_row kc_row_inner\"><div class=\"kc-elm kc-css-556143 kc_col-sm-12 kc_column_inner kc_col-sm-12\"><div class=\"kc_wrapper kc-col-inner-container\">\n<div class=\"kc-elm kc-css-910570 kc-title-wrap \">\n\n\t<h3 class=\"kc_title\"><\/h3>\n<\/div>\n<div class=\"kc-elm kc-css-381824 kc_text_block\"><\/p>\n<p>\n<\/div><\/div><\/div><\/div><\/div><\/div><div class=\"kc-elm kc-css-239231 kc_col-sm-3 kc_column_inner kc_col-sm-3\"><div class=\"menu-card kc_wrapper kc-col-inner-container\"><div class=\"kc-elm kc-css-553035 kc_shortcode kc_single_image\">\n\n        <img decoding=\"async\" src=\"https:\/\/projetosociallife.net.br\/wp-content\/uploads\/2021\/08\/Doacao-de-Cestas.jpeg\" class=\"\" alt=\"\" \/>    <\/div>\n<div class=\"kc-elm kc-css-870962 kc_row kc_row_inner\"><div class=\"kc-elm kc-css-261201 kc_col-sm-12 kc_column_inner kc_col-sm-12\"><div class=\"kc_wrapper kc-col-inner-container\">\n<div class=\"kc-elm kc-css-378893 kc-title-wrap \">\n\n\t<h3 class=\"kc_title\"><\/h3>\n<\/div>\n<div class=\"kc-elm kc-css-972571 kc_text_block\"><\/p>\n<p>\n<\/div><\/div><\/div><\/div><\/div><\/div><\/div><div class=\"kc-elm kc-css-387163 kc_row kc_row_inner\"><div class=\"kc-elm kc-css-892596 kc_col-sm-12 kc_column_inner kc_col-sm-12\"><div class=\"menu-card kc_wrapper kc-col-inner-container\">\n<div class=\"kc-elm kc-css-712783 divider_line\">\n\t<div class=\"divider_inner divider_line2\">\n\t\t<i class=\"et-happy\"><\/i>\t<\/div>\n<\/div>\n<\/div><\/div><\/div><div class=\"kc-elm kc-css-595057 kc_row kc_row_inner\"><div class=\"kc-elm kc-css-337819 kc_col-sm-3 kc_column_inner kc_col-sm-3\"><div class=\"menu-card kc_wrapper kc-col-inner-container\"><div class=\"kc-elm kc-css-815008 kc_shortcode kc_single_image\">\n\n        <img decoding=\"async\" src=\"https:\/\/projetosociallife.net.br\/wp-content\/uploads\/2021\/08\/Marmitas-I.jpeg\" class=\"\" alt=\"\" \/>    <\/div>\n<div class=\"kc-elm kc-css-920235 kc_row kc_row_inner\"><div class=\"kc-elm kc-css-114656 kc_col-sm-12 kc_column_inner kc_col-sm-12\"><div class=\"kc_wrapper kc-col-inner-container\">\n<div class=\"kc-elm kc-css-745456 kc-title-wrap \">\n\n\t<h3 class=\"kc_title\"><\/h3>\n<\/div>\n<div class=\"kc-elm kc-css-328250 kc_text_block\"><\/p>\n<p>\n<\/div><\/div><\/div><\/div><\/div><\/div><div class=\"kc-elm kc-css-796954 kc_col-sm-3 kc_column_inner kc_col-sm-3\"><div class=\"menu-card kc_wrapper kc-col-inner-container\"><div class=\"kc-elm kc-css-622557 kc_shortcode kc_single_image\">\n\n        <img decoding=\"async\" src=\"https:\/\/projetosociallife.net.br\/wp-content\/uploads\/2021\/08\/Marmitas-III.jpeg\" class=\"\" alt=\"\" \/>    <\/div>\n<div class=\"kc-elm kc-css-640553 kc_row kc_row_inner\"><div class=\"kc-elm kc-css-288412 kc_col-sm-12 kc_column_inner kc_col-sm-12\"><div class=\"kc_wrapper kc-col-inner-container\">\n<div class=\"kc-elm kc-css-103703 kc-title-wrap \">\n\n\t<h3 class=\"kc_title\"><\/h3>\n<\/div>\n<div class=\"kc-elm kc-css-313435 kc_text_block\"><\/p>\n<p>\n<\/div><\/div><\/div><\/div><\/div><\/div><div class=\"kc-elm kc-css-814078 kc_col-sm-3 kc_column_inner kc_col-sm-3\"><div class=\"menu-card kc_wrapper kc-col-inner-container\"><div class=\"kc-elm kc-css-748793 kc_shortcode kc_single_image\">\n\n        <img decoding=\"async\" src=\"https:\/\/projetosociallife.net.br\/wp-content\/uploads\/2021\/08\/Marmitas-IV.jpeg\" class=\"\" alt=\"\" \/>    <\/div>\n<div class=\"kc-elm kc-css-980321 kc_row kc_row_inner\"><div class=\"kc-elm kc-css-137069 kc_col-sm-12 kc_column_inner kc_col-sm-12\"><div class=\"kc_wrapper kc-col-inner-container\">\n<div class=\"kc-elm kc-css-31327 kc-title-wrap \">\n\n\t<h3 class=\"kc_title\"><\/h3>\n<\/div>\n<div class=\"kc-elm kc-css-546489 kc_text_block\"><\/p>\n<p>\n<\/div><\/div><\/div><\/div><\/div><\/div><div class=\"kc-elm kc-css-45105 kc_col-sm-3 kc_column_inner kc_col-sm-3\"><div class=\"menu-card kc_wrapper kc-col-inner-container\"><div class=\"kc-elm kc-css-845388 kc_shortcode kc_single_image\">\n\n        <img decoding=\"async\" src=\"https:\/\/projetosociallife.net.br\/wp-content\/uploads\/2021\/08\/Doacao-de-Cestas-II.jpeg\" class=\"\" alt=\"\" \/>    <\/div>\n<div class=\"kc-elm kc-css-194148 kc_row kc_row_inner\"><div class=\"kc-elm kc-css-312486 kc_col-sm-12 kc_column_inner kc_col-sm-12\"><div class=\"kc_wrapper kc-col-inner-container\">\n<div class=\"kc-elm kc-css-941525 kc-title-wrap \">\n\n\t<h3 class=\"kc_title\"><\/h3>\n<\/div>\n<div class=\"kc-elm kc-css-372847 kc_text_block\"><\/p>\n<p>\n<\/div><\/div><\/div><\/div><\/div><\/div><\/div><div class=\"kc-elm kc-css-891558 kc_row kc_row_inner\"><div class=\"kc-elm kc-css-803993 kc_col-sm-12 kc_column_inner kc_col-sm-12\"><div class=\"menu-card kc_wrapper kc-col-inner-container\">\n<div class=\"kc-elm kc-css-533712 divider_line\">\n\t<div class=\"divider_inner divider_line2\">\n\t\t<i class=\"et-happy\"><\/i>\t<\/div>\n<\/div>\n<\/div><\/div><\/div><div class=\"kc-elm kc-css-245941 kc_row kc_row_inner\"><div class=\"kc-elm kc-css-885746 kc_col-sm-3 kc_column_inner kc_col-sm-3\"><div class=\"menu-card kc_wrapper kc-col-inner-container\"><div class=\"kc-elm kc-css-281279 kc_shortcode kc_single_image\">\n\n        <img decoding=\"async\" src=\"https:\/\/projetosociallife.net.br\/wp-content\/uploads\/2021\/08\/Marmitas-V.jpeg\" class=\"\" alt=\"\" \/>    <\/div>\n<div class=\"kc-elm kc-css-709537 kc_row kc_row_inner\"><div class=\"kc-elm kc-css-723278 kc_col-sm-12 kc_column_inner kc_col-sm-12\"><div class=\"kc_wrapper kc-col-inner-container\">\n<div class=\"kc-elm kc-css-587721 kc-title-wrap \">\n\n\t<h3 class=\"kc_title\"><\/h3>\n<\/div>\n<div class=\"kc-elm kc-css-542598 kc_text_block\"><\/p>\n<p>\n<\/div><\/div><\/div><\/div><\/div><\/div><div class=\"kc-elm kc-css-961641 kc_col-sm-3 kc_column_inner kc_col-sm-3\"><div class=\"menu-card kc_wrapper kc-col-inner-container\"><div class=\"kc-elm kc-css-549405 kc_shortcode kc_single_image\">\n\n        <img decoding=\"async\" src=\"https:\/\/projetosociallife.net.br\/wp-content\/uploads\/2021\/08\/Marmitas.jpeg\" class=\"\" alt=\"\" \/>    <\/div>\n<div class=\"kc-elm kc-css-395042 kc_row kc_row_inner\"><div class=\"kc-elm kc-css-392307 kc_col-sm-12 kc_column_inner kc_col-sm-12\"><div class=\"kc_wrapper kc-col-inner-container\">\n<div class=\"kc-elm kc-css-999692 kc-title-wrap \">\n\n\t<h3 class=\"kc_title\"><\/h3>\n<\/div>\n<div class=\"kc-elm kc-css-453835 kc_text_block\"><\/p>\n<p>\n<\/div><\/div><\/div><\/div><\/div><\/div><div class=\"kc-elm kc-css-422172 kc_col-sm-3 kc_column_inner kc_col-sm-3\"><div class=\"menu-card kc_wrapper kc-col-inner-container\"><div class=\"kc-elm kc-css-602489 kc_shortcode kc_single_image\">\n\n        <img decoding=\"async\" src=\"https:\/\/projetosociallife.net.br\/wp-content\/uploads\/2021\/08\/Natal-na-comunidade-Lost-1.jpeg\" class=\"\" alt=\"\" \/>    <\/div>\n<div class=\"kc-elm kc-css-164356 kc_row kc_row_inner\"><div class=\"kc-elm kc-css-542947 kc_col-sm-12 kc_column_inner kc_col-sm-12\"><div class=\"kc_wrapper kc-col-inner-container\">\n<div class=\"kc-elm kc-css-890265 kc-title-wrap \">\n\n\t<h3 class=\"kc_title\"><\/h3>\n<\/div>\n<div class=\"kc-elm kc-css-465535 kc_text_block\"><\/p>\n<p>\n<\/div><\/div><\/div><\/div><\/div><\/div><div class=\"kc-elm kc-css-284299 kc_col-sm-3 kc_column_inner kc_col-sm-3\"><div class=\"menu-card kc_wrapper kc-col-inner-container\"><div class=\"kc-elm kc-css-763315 kc_shortcode kc_single_image\">\n\n        <img decoding=\"async\" src=\"https:\/\/projetosociallife.net.br\/wp-content\/uploads\/2021\/08\/Escolinha-na-Comunidade-Lost.jpeg\" class=\"\" alt=\"\" \/>    <\/div>\n<div class=\"kc-elm kc-css-786823 kc_row kc_row_inner\"><div class=\"kc-elm kc-css-839793 kc_col-sm-12 kc_column_inner kc_col-sm-12\"><div class=\"kc_wrapper kc-col-inner-container\">\n<div class=\"kc-elm kc-css-951428 kc-title-wrap \">\n\n\t<h3 class=\"kc_title\"><\/h3>\n<\/div>\n<div class=\"kc-elm kc-css-503389 kc_text_block\"><\/p>\n<p>\n<\/div><\/div><\/div><\/div><\/div><\/div><\/div><div class=\"kc-elm kc-css-405943 kc_row kc_row_inner\"><div class=\"kc-elm kc-css-649689 kc_col-sm-12 kc_column_inner kc_col-sm-12\"><div class=\"menu-card kc_wrapper kc-col-inner-container\">\n<div class=\"kc-elm kc-css-422737 divider_line\">\n\t<div class=\"divider_inner divider_line2\">\n\t\t<i class=\"et-happy\"><\/i>\t<\/div>\n<\/div>\n<\/div><\/div><\/div><div class=\"kc-elm kc-css-200367 kc_row kc_row_inner\"><div class=\"kc-elm kc-css-575459 kc_col-sm-3 kc_column_inner kc_col-sm-3\"><div class=\"menu-card kc_wrapper kc-col-inner-container\"><div class=\"kc-elm kc-css-12179 kc_shortcode kc_single_image\">\n\n        <img decoding=\"async\" src=\"https:\/\/projetosociallife.net.br\/wp-content\/uploads\/2021\/08\/Praca-da-Se.jpeg\" class=\"\" alt=\"\" \/>    <\/div>\n<div class=\"kc-elm kc-css-593280 kc_row kc_row_inner\"><div class=\"kc-elm kc-css-818200 kc_col-sm-12 kc_column_inner kc_col-sm-12\"><div class=\"kc_wrapper kc-col-inner-container\">\n<div class=\"kc-elm kc-css-134662 kc-title-wrap \">\n\n\t<h3 class=\"kc_title\"><\/h3>\n<\/div>\n<div class=\"kc-elm kc-css-70164 kc_text_block\"><\/p>\n<p>\n<\/div><\/div><\/div><\/div><\/div><\/div><div class=\"kc-elm kc-css-365428 kc_col-sm-3 kc_column_inner kc_col-sm-3\"><div class=\"menu-card kc_wrapper kc-col-inner-container\"><div class=\"kc-elm kc-css-670655 kc_shortcode kc_single_image\">\n\n        <img decoding=\"async\" src=\"https:\/\/projetosociallife.net.br\/wp-content\/uploads\/2021\/08\/Pessoas-comendo.jpeg\" class=\"\" alt=\"\" \/>    <\/div>\n<div class=\"kc-elm kc-css-367001 kc_row kc_row_inner\"><div class=\"kc-elm kc-css-19395 kc_col-sm-12 kc_column_inner kc_col-sm-12\"><div class=\"kc_wrapper kc-col-inner-container\">\n<div class=\"kc-elm kc-css-570992 kc-title-wrap \">\n\n\t<h3 class=\"kc_title\"><\/h3>\n<\/div>\n<div class=\"kc-elm kc-css-664163 kc_text_block\"><\/p>\n<p>\n<\/div><\/div><\/div><\/div><\/div><\/div><div class=\"kc-elm kc-css-614005 kc_col-sm-3 kc_column_inner kc_col-sm-3\"><div class=\"menu-card kc_wrapper kc-col-inner-container\"><div class=\"kc-elm kc-css-115325 kc_shortcode kc_single_image\">\n\n        <img decoding=\"async\" src=\"https:\/\/projetosociallife.net.br\/wp-content\/uploads\/2021\/08\/Hortifruti-1.jpeg\" class=\"\" alt=\"\" \/>    <\/div>\n<div class=\"kc-elm kc-css-333260 kc_row kc_row_inner\"><div class=\"kc-elm kc-css-414588 kc_col-sm-12 kc_column_inner kc_col-sm-12\"><div class=\"kc_wrapper kc-col-inner-container\">\n<div class=\"kc-elm kc-css-238207 kc-title-wrap \">\n\n\t<h3 class=\"kc_title\"><\/h3>\n<\/div>\n<div class=\"kc-elm kc-css-326180 kc_text_block\"><\/p>\n<p>\n<\/div><\/div><\/div><\/div><\/div><\/div><div class=\"kc-elm kc-css-894048 kc_col-sm-3 kc_column_inner kc_col-sm-3\"><div class=\"menu-card kc_wrapper kc-col-inner-container\"><div class=\"kc-elm kc-css-217426 kc_shortcode kc_single_image\">\n\n        <img decoding=\"async\" src=\"https:\/\/projetosociallife.net.br\/wp-content\/uploads\/2021\/08\/Gelatina-na-acao-no-centro-de-SP\u2026-tem-donuts-tb.jpeg\" class=\"\" alt=\"\" \/>    <\/div>\n<div class=\"kc-elm kc-css-396723 kc_row kc_row_inner\"><div class=\"kc-elm kc-css-337168 kc_col-sm-12 kc_column_inner kc_col-sm-12\"><div class=\"kc_wrapper kc-col-inner-container\">\n<div class=\"kc-elm kc-css-949748 kc-title-wrap \">\n\n\t<h3 class=\"kc_title\"><\/h3>\n<\/div>\n<div class=\"kc-elm kc-css-496582 kc_text_block\"><\/p>\n<p>\n<\/div><\/div><\/div><\/div><\/div><\/div><\/div><\/div><\/div><\/div><\/div><\/section>\n","protected":false},"excerpt":{"rendered":"","protected":false},"author":1,"featured_media":0,"parent":0,"menu_order":0,"comment_status":"closed","ping_status":"closed","template":"","meta":{"footnotes":""},"class_list":["post-6661","page","type-page","status-publish","hentry"],"_links":{"self":[{"href":"https:\/\/projetosociallife.net.br\/index.php\/wp-json\/wp\/v2\/pages\/6661","targetHints":{"allow":["GET"]}}],"collection":[{"href":"https:\/\/projetosociallife.net.br\/index.php\/wp-json\/wp\/v2\/pages"}],"about":[{"href":"https:\/\/projetosociallife.net.br\/index.php\/wp-json\/wp\/v2\/types\/page"}],"author":[{"embeddable":true,"href":"https:\/\/projetosociallife.net.br\/index.php\/wp-json\/wp\/v2\/users\/1"}],"replies":[{"embeddable":true,"href":"https:\/\/projetosociallife.net.br\/index.php\/wp-json\/wp\/v2\/comments?post=6661"}],"version-history":[{"count":21,"href":"https:\/\/projetosociallife.net.br\/index.php\/wp-json\/wp\/v2\/pages\/6661\/revisions"}],"predecessor-version":[{"id":8746,"href":"https:\/\/projetosociallife.net.br\/index.php\/wp-json\/wp\/v2\/pages\/6661\/revisions\/8746"}],"wp:attachment":[{"href":"https:\/\/projetosociallife.net.br\/index.php\/wp-json\/wp\/v2\/media?parent=6661"}],"curies":[{"name":"wp","href":"https:\/\/api.w.org\/{rel}","templated":true}]}}