{"id":8290,"date":"2021-08-04T10:31:02","date_gmt":"2021-08-04T13:31:02","guid":{"rendered":"http:\/\/projetosociallife.net.br\/?page_id=8290"},"modified":"2021-09-29T09:49:35","modified_gmt":"2021-09-29T12:49:35","slug":"projeto-life-na-midia","status":"publish","type":"page","link":"https:\/\/projetosociallife.net.br\/index.php\/projeto-life-na-midia\/","title":{"rendered":"Projeto Life na M\u00eddia"},"content":{"rendered":"<p><section class=\"kc-elm kc-css-636005 kc_row\"><div class=\"kc-row-container  kc-container\"><div class=\"kc-wrap-columns\"><div class=\"kc-elm kc-css-834087 kc_col-sm-12 kc_column kc_col-sm-12\"><div class=\"kc-col-container\"><div class=\"kc-elm kc-css-204259\" style=\"height: 20px; clear: both; width:100%;\"><\/div>\n<div class=\"kc-elm kc-css-370787 kc-title-wrap \">\n\n\t<h1 class=\"kc_title\">O Projeto Life na M\u00eddia<\/h1>\n<\/div>\n<div class=\"kc-elm kc-css-145670 kc_row kc_row_inner\"><div class=\"kc-elm kc-css-520285 kc_col-sm-3 kc_column_inner kc_col-sm-3\"><div class=\"kc_wrapper kc-col-inner-container\"><\/div><\/div><div class=\"kc-elm kc-css-351298 kc_col-sm-6 kc_column_inner kc_col-sm-6\"><div class=\"kc_wrapper kc-col-inner-container\"><div class=\"kc-elm kc-css-995796 kc_text_block\"><\/p>\n<p>Aqui voc\u00ea fica sabendo do Projeto Life na M\u00eddia .<\/p>\n<p>\n<\/div><\/div><\/div><div class=\"kc-elm kc-css-568123 kc_col-sm-3 kc_column_inner kc_col-sm-3\"><div class=\"kc_wrapper kc-col-inner-container\"><\/div><\/div><\/div><\/div><\/div><\/div><\/div><\/section><section class=\"kc-elm kc-css-294747 kc_row\"><div class=\"kc-row-container  kc-container\"><div class=\"kc-wrap-columns\"><div class=\"kc-elm kc-css-931597 kc_col-sm-4 kc_column kc_col-sm-4\"><div class=\"kc-col-container\">\n<div class=\"kc-elm kc-css-840041 kc-title-wrap \">\n\n\t<h2 class=\"kc_title\">Na Radio Bandeirantes<\/h2>\n<\/div>\n<div class=\"kc-elm kc-css-512645 kc_text_block\"><\/p>\n<p>No Programa da &#8220;Bora Brasil\" da Radio Bandeirantes aonde o Grupo Bandeirantes de Comunica\u00e7\u00e3o criou a A\u00e7\u00e3o &#8220;Band Contra Fome Abrace essa Ideia\".<\/p>\n<p>\n<\/div><\/div><\/div><div class=\"kc-elm kc-css-105327 kc_col-sm-1 kc_column kc_col-sm-1\"><div class=\"kc-col-container\"><\/div><\/div><div class=\"kc-elm kc-css-410570 kc_col-sm-7 kc_column kc_col-sm-7\"><div class=\"kc-col-container\"><div class=\"kc-elm kc-css-689405 kc_tabs group kc-tabs-slider\"><div class=\"owl-carousel\" data-owl-options='{\"items\":1,\"speed\":450,\"navigation\":\"\",\"pagination\":\"\",\"autoheight\":\"\",\"autoplay\":\"yes\",\"tablet\":1,\"mobile\":1}'><div id=\"new-tab\" class=\"kc-elm kc-css-234807 kc_tab ui-tabs-panel kc_ui-tabs-hide kc_clearfix \"><div class=\"kc_tab_content\"><div class=\"kc-elm kc-css-250275 kc_row kc_row_inner\"><div class=\"kc-elm kc-css-150901 kc_col-sm-12 kc_column_inner kc_col-sm-12\"><div class=\"menu-card kc_wrapper kc-col-inner-container\">\n\t<div class=\"kc-elm kc-css-196320 kc_shortcode kc_video_play kc_video_wrapper\" data-video=\"https:\/\/youtu.be\/2rzxRX1GSAA\" data-width=\"600\" data-height=\"338.983050847\" data-fullwidth=\"yes\" data-autoplay=\"\" data-loop=\"yes\" data-control=\"yes\" data-related=\"\" data-showinfo=\"\" data-kc-video-mute=\"\">\n\t\t\t<\/div>\n\n<\/div><\/div><\/div><\/div><\/div><\/div><\/div><\/div><\/div><\/div><\/div><\/section><section class=\"kc-elm kc-css-284339 kc_row\"><div class=\"kc-row-container  kc-container\"><div class=\"kc-wrap-columns\"><div class=\"kc-elm kc-css-713310 kc_col-sm-12 kc_column kc_col-sm-12\"><div class=\"kc-col-container\">\n<div class=\"kc-elm kc-css-856416 divider_line style:3\">\n\t<div class=\"divider_inner divider_line2\">\n\t\t<i class=\"et-camera\"><\/i>\t<\/div>\n<\/div>\n<\/div><\/div><\/div><\/div><\/section><section class=\"kc-elm kc-css-538026 kc_row\"><div class=\"kc-row-container  kc-container\"><div class=\"kc-wrap-columns\"><div class=\"kc-elm kc-css-301526 kc_col-sm-4 kc_column kc_col-sm-4\"><div class=\"kc-col-container\">\n<div class=\"kc-elm kc-css-590649 kc-title-wrap \">\n\n\t<h2 class=\"kc_title\">Na Veja S\u00e3o Paulo<\/h2>\n<\/div>\n<div class=\"kc-elm kc-css-986640 kc_text_block\"><\/p>\n<p>Sem emprego e sem comida, fam\u00edlias inteiras saem da periferia para viver nas cal\u00e7adas do Centro<\/p>\n<p>\n<\/div><div class=\"kc-elm kc-css-927853 kc_text_block\"><\/p>\n<p>Na Coluna Cidades Por Guilherme Queiroz, <a href=\"https:\/\/vejasp.abril.com.br\/autor\/sergio-quintella\/\">S\u00e9rgio Quintella.<\/a><\/p>\n<p>\n<\/div><\/div><\/div><div class=\"kc-elm kc-css-20773 kc_col-sm-1 kc_column kc_col-sm-1\"><div class=\"kc-col-container\"><\/div><\/div><div class=\"kc-elm kc-css-631866 kc_col-sm-7 kc_column kc_col-sm-7\"><div class=\"kc-col-container\"><div class=\"kc-elm kc-css-80661 kc_tabs group kc-tabs-slider\"><div class=\"owl-carousel\" data-owl-options='{\"items\":1,\"speed\":450,\"navigation\":\"\",\"pagination\":\"yes\",\"autoheight\":\"\",\"autoplay\":\"yes\",\"tablet\":1,\"mobile\":1}'><div id=\"new-tab\" class=\"kc-elm kc-css-816295 kc_tab ui-tabs-panel kc_ui-tabs-hide kc_clearfix \"><div class=\"kc_tab_content\"><div class=\"kc-elm kc-css-209940 kc_row kc_row_inner\"><div class=\"kc-elm kc-css-788044 kc_col-sm-6 kc_column_inner kc_col-sm-6\"><div class=\"menu-card kc_wrapper kc-col-inner-container\"><div class=\"kc-elm kc-css-735531 kc_shortcode kc_single_image\">\n\n        <a rel=\"prettyPhoto\" class=\"kc-pretty-photo\" href=\"https:\/\/projetosociallife.net.br\/wp-content\/uploads\/2021\/08\/veja-sp01-pdf.jpg\" title=\"\" target=\"\">\n        <img decoding=\"async\" src=\"https:\/\/projetosociallife.net.br\/wp-content\/uploads\/2021\/08\/veja-sp01-pdf.jpg\" class=\"\" alt=\"\" \/>    <\/a>\n    <\/div>\n<\/div><\/div><div class=\"kc-elm kc-css-364043 kc_col-sm-6 kc_column_inner kc_col-sm-6\"><div class=\"menu-card kc_wrapper kc-col-inner-container\"><div class=\"kc-elm kc-css-934959 kc_shortcode kc_single_image\">\n\n        <a rel=\"prettyPhoto\" class=\"kc-pretty-photo\" href=\"https:\/\/projetosociallife.net.br\/wp-content\/uploads\/2021\/08\/veja-sp02-pdf.jpg\" title=\"\" target=\"\">\n        <img decoding=\"async\" src=\"https:\/\/projetosociallife.net.br\/wp-content\/uploads\/2021\/08\/veja-sp02-pdf.jpg\" class=\"\" alt=\"\" \/>    <\/a>\n    <\/div>\n<\/div><\/div><\/div><\/div><\/div><div id=\"new-tab\" class=\"kc-elm kc-css-907009 kc_tab ui-tabs-panel kc_ui-tabs-hide kc_clearfix \"><div class=\"kc_tab_content\"><div class=\"kc-elm kc-css-454672 kc_row kc_row_inner\"><div class=\"kc-elm kc-css-814383 kc_col-sm-6 kc_column_inner kc_col-sm-6\"><div class=\"menu-card kc_wrapper kc-col-inner-container\"><div class=\"kc-elm kc-css-931595 kc_shortcode kc_single_image\">\n\n        <a rel=\"prettyPhoto\" class=\"kc-pretty-photo\" href=\"https:\/\/projetosociallife.net.br\/wp-content\/uploads\/2021\/08\/veja-sp03-pdf.jpg\" title=\"\" target=\"\">\n        <img decoding=\"async\" src=\"https:\/\/projetosociallife.net.br\/wp-content\/uploads\/2021\/08\/veja-sp03-pdf.jpg\" class=\"\" alt=\"\" \/>    <\/a>\n    <\/div>\n<\/div><\/div><div class=\"kc-elm kc-css-559908 kc_col-sm-6 kc_column_inner kc_col-sm-6\"><div class=\"menu-card kc_wrapper kc-col-inner-container\"><div class=\"kc-elm kc-css-784082 kc_shortcode kc_single_image\">\n\n        <a rel=\"prettyPhoto\" class=\"kc-pretty-photo\" href=\"https:\/\/projetosociallife.net.br\/wp-content\/uploads\/2021\/08\/veja-sp04-pdf.jpg\" title=\"\" target=\"\">\n        <img decoding=\"async\" src=\"https:\/\/projetosociallife.net.br\/wp-content\/uploads\/2021\/08\/veja-sp04-pdf.jpg\" class=\"\" alt=\"\" \/>    <\/a>\n    <\/div>\n<\/div><\/div><\/div><\/div><\/div><div id=\"new-tab\" class=\"kc-elm kc-css-204249 kc_tab ui-tabs-panel kc_ui-tabs-hide kc_clearfix \"><div class=\"kc_tab_content\"><div class=\"kc-elm kc-css-871024 kc_row kc_row_inner\"><div class=\"kc-elm kc-css-855600 kc_col-sm-6 kc_column_inner kc_col-sm-6\"><div class=\"menu-card kc_wrapper kc-col-inner-container\"><div class=\"kc-elm kc-css-502672 kc_shortcode kc_single_image\">\n\n        <a rel=\"prettyPhoto\" class=\"kc-pretty-photo\" href=\"https:\/\/projetosociallife.net.br\/wp-content\/uploads\/2021\/08\/veja-sp05-pdf.jpg\" title=\"\" target=\"\">\n        <img decoding=\"async\" src=\"https:\/\/projetosociallife.net.br\/wp-content\/uploads\/2021\/08\/veja-sp05-pdf.jpg\" class=\"\" alt=\"\" \/>    <\/a>\n    <\/div>\n<\/div><\/div><div class=\"kc-elm kc-css-210809 kc_col-sm-6 kc_column_inner kc_col-sm-6\"><div class=\"menu-card kc_wrapper kc-col-inner-container\"><div class=\"kc-elm kc-css-474856 kc_shortcode kc_single_image\">\n\n        <a  href=\"https:\/\/projetosociallife.net.br\/wp-content\/uploads\/2021\/08\/veja-sp04-pdf.jpg\" title=\"\" target=\"\">\n        <img decoding=\"async\" src=\"https:\/\/projetosociallife.net.br\/wp-content\/uploads\/2021\/08\/veja-sp04-pdf.jpg\" class=\"\" alt=\"\" \/>    <\/a>\n    <\/div>\n<\/div><\/div><\/div><\/div><\/div><div id=\"new-tab\" class=\"kc-elm kc-css-145759 kc_tab ui-tabs-panel kc_ui-tabs-hide kc_clearfix \"><div class=\"kc_tab_content\"><div class=\"kc-elm kc-css-916480 kc_row kc_row_inner\"><div class=\"kc-elm kc-css-693267 kc_col-sm-12 kc_column_inner kc_col-sm-12\"><div class=\"menu-card kc_wrapper kc-col-inner-container\"><div class=\"kc-elm kc-css-486707 kc_shortcode kc_single_image\">\n\n        <a  href=\"https:\/\/vejasp.abril.com.br\/cidades\/na-pandemia-cresce-numero-de-familias-morando-na-rua-em-sp\/\" title=\"\" target=\"_blank\">\n        <img decoding=\"async\" src=\"https:\/\/projetosociallife.net.br\/wp-content\/uploads\/2021\/07\/logo-vejasp-1-300x169.jpg\" class=\"\" alt=\"\" \/>    <\/a>\n    <\/div>\n<div class=\"kc-elm kc-css-573160 kc_row kc_row_inner\"><div class=\"kc-elm kc-css-480524 kc_col-sm-12 kc_column_inner kc_col-sm-12\"><div class=\"kc_wrapper kc-col-inner-container\"><div class=\"kc-elm kc-css-142449\" style=\"height: 20px; clear: both; width:100%;\"><\/div><div class=\"kc-elm kc-css-888753\" style=\"height: 20px; clear: both; width:100%;\"><\/div><div class=\"kc-elm kc-css-205116 kc-feature-boxes kc-fb-layout-3 delete_padding_box_right_24\">\n\n\t<div class=\"content-icon\"><i class=\"fa-calendar-alt\"><\/i><\/div><div class=\"box-right\"><div class=\"content-desc\">S\u00e3o Paulo, 14 de Julho de 2021<\/div><\/div>\n<\/div>\n<div class=\"kc-elm kc-css-349229 kc_text_block\"><\/p>\n<p>Temos a reportagem Completa tamb\u00e9m em:<\/p>\n<p>\n<\/div><div class=\"kc-elm kc-css-492075\" style=\"height: 20px; clear: both; width:100%;\"><\/div><\/div><\/div><\/div>\n<div class=\"kc-elm kc-css-764594\">\n\t<a class=\"kc_button\" href=\"https:\/\/vejasp.abril.com.br\/cidades\/na-pandemia-cresce-numero-de-familias-morando-na-rua-em-sp\/\" target=\"_blank\" title=\"\" onclick=\"\">\n\t\tSaiba Mais\t<\/a>\n<\/div>\n<\/div><\/div><\/div><\/div><\/div><\/div><\/div><\/div><\/div><\/div><\/div><\/section><section class=\"kc-elm kc-css-935321 kc_row\"><div class=\"kc-row-container  kc-container\"><div class=\"kc-wrap-columns\"><div class=\"kc-elm kc-css-338454 kc_col-sm-12 kc_column kc_col-sm-12\"><div class=\"kc-col-container\">\n<div class=\"kc-elm kc-css-775611 divider_line style:3\">\n\t<div class=\"divider_inner divider_line2\">\n\t\t<i class=\"et-camera\"><\/i>\t<\/div>\n<\/div>\n<\/div><\/div><\/div><\/div><\/section><\/p>\n","protected":false},"excerpt":{"rendered":"","protected":false},"author":1,"featured_media":0,"parent":0,"menu_order":0,"comment_status":"closed","ping_status":"closed","template":"","meta":{"footnotes":""},"class_list":["post-8290","page","type-page","status-publish","hentry"],"_links":{"self":[{"href":"https:\/\/projetosociallife.net.br\/index.php\/wp-json\/wp\/v2\/pages\/8290","targetHints":{"allow":["GET"]}}],"collection":[{"href":"https:\/\/projetosociallife.net.br\/index.php\/wp-json\/wp\/v2\/pages"}],"about":[{"href":"https:\/\/projetosociallife.net.br\/index.php\/wp-json\/wp\/v2\/types\/page"}],"author":[{"embeddable":true,"href":"https:\/\/projetosociallife.net.br\/index.php\/wp-json\/wp\/v2\/users\/1"}],"replies":[{"embeddable":true,"href":"https:\/\/projetosociallife.net.br\/index.php\/wp-json\/wp\/v2\/comments?post=8290"}],"version-history":[{"count":114,"href":"https:\/\/projetosociallife.net.br\/index.php\/wp-json\/wp\/v2\/pages\/8290\/revisions"}],"predecessor-version":[{"id":8772,"href":"https:\/\/projetosociallife.net.br\/index.php\/wp-json\/wp\/v2\/pages\/8290\/revisions\/8772"}],"wp:attachment":[{"href":"https:\/\/projetosociallife.net.br\/index.php\/wp-json\/wp\/v2\/media?parent=8290"}],"curies":[{"name":"wp","href":"https:\/\/api.w.org\/{rel}","templated":true}]}}