{"id":8593,"date":"2021-08-08T19:11:55","date_gmt":"2021-08-08T22:11:55","guid":{"rendered":"https:\/\/projetosociallife.net.br\/?page_id=8593"},"modified":"2021-09-22T22:17:13","modified_gmt":"2021-09-23T01:17:13","slug":"como-apoiar","status":"publish","type":"page","link":"https:\/\/projetosociallife.net.br\/index.php\/como-apoiar\/","title":{"rendered":"Como Apoiar"},"content":{"rendered":"<p><section class=\"kc-elm kc-css-254268 kc_row\"><div class=\"kc-row-container  kc-container\"><div class=\"kc-wrap-columns\"><div class=\"kc-elm kc-css-887007 kc_col-sm-12 kc_column kc_col-sm-12\"><div class=\"kc-col-container\"><div class=\"kc-elm kc-css-231744\" style=\"height: 20px; clear: both; width:100%;\"><\/div>\n<div class=\"kc-elm kc-css-32613 kc-title-wrap \">\n\n\t<h2 class=\"kc_title\">Como nos Apoiar!<\/h2>\n<\/div>\n<div class=\"kc-elm kc-css-743880 kc_row kc_row_inner\"><div class=\"kc-elm kc-css-796733 kc_col-sm-4 kc_column_inner kc_col-sm-4\"><div class=\"kc_wrapper kc-col-inner-container\"><\/div><\/div><div class=\"kc-elm kc-css-116578 kc_col-sm-4 kc_column_inner kc_col-sm-4\"><div class=\"kc_wrapper kc-col-inner-container\"><div class=\"kc-elm kc-css-410336 kc_text_block\"><\/p>\n<p>Juntos, vamos transformar realidades com a\u00e7\u00f5es que fazem a diferen\u00e7a na vida das pessoas.<\/p>\n<p>\n<\/div><\/div><\/div><div class=\"kc-elm kc-css-789369 kc_col-sm-4 kc_column_inner kc_col-sm-4\"><div class=\"kc_wrapper kc-col-inner-container\"><\/div><\/div><\/div><\/div><\/div><\/div><\/div><\/section><section class=\"kc-elm kc-css-786954 kc_row\"><div class=\"kc-row-container  kc-container\"><div class=\"kc-wrap-columns\"><div class=\"kc-elm kc-css-878290 kc_col-sm-12 kc_column kc_col-sm-12\"><div class=\"kc-col-container\"><div class=\"kc-elm kc-css-110261\" style=\"height: 20px; clear: both; width:100%;\"><\/div><div class=\"kc-elm kc-css-229912 kc_row kc_row_inner\"><div class=\"kc-elm kc-css-931651 kc_col-sm-4 kc_column_inner kc_col-sm-4\"><div class=\"menu-card kc_wrapper kc-col-inner-container\"><div class=\"kc-elm kc-css-426671 kc_shortcode kc_single_image\">\n\n        <img decoding=\"async\" src=\"https:\/\/projetosociallife.net.br\/wp-content\/uploads\/2021\/06\/fernando_3.jpeg\" class=\"\" alt=\"\" \/>    <\/div>\n<\/div><\/div><div class=\"kc-elm kc-css-736972 kc_col-sm-4 kc_column_inner kc_col-sm-4\"><div class=\"menu-card kc_wrapper kc-col-inner-container\"><div class=\"kc-elm kc-css-911646 kc_shortcode kc_single_image\">\n\n        <img decoding=\"async\" src=\"https:\/\/projetosociallife.net.br\/wp-content\/uploads\/2021\/05\/WhatsApp-Image-2021-04-04-at-20.45.31-1.jpeg\" class=\"\" alt=\"\" \/>    <\/div>\n<\/div><\/div><div class=\"kc-elm kc-css-521945 kc_col-sm-1 kc_column_inner kc_col-sm-1\"><div class=\"kc_wrapper kc-col-inner-container\"><\/div><\/div><div class=\"kc-elm kc-css-167242 kc_col-sm-4 kc_column_inner kc_col-sm-4\"><div class=\"kc_wrapper kc-col-inner-container\">\n<div class=\"kc-elm kc-css-186274 kc-title-wrap \">\n\n\t<h3 class=\"kc_title\">Entre em contato: <\/h3>\n<\/div>\n<div class=\"kc-elm kc-css-317474 kc_text_block\"><\/p>\n<p style=\"text-align: left;\">Pelas nossas redes Sociais<\/p>\n<p>\n<\/div><div class=\"kc-elm kc-css-291759 kc-multi-icons-wrapper\">\n\t\t\t<a href=\"#\" target=\"_blank\" title=\"Facebook\" class=\"multi-icons-link multi-iconsfab-facebook-f\">\n\t\t\t<i class=\"fab-facebook-f\"><\/i>\n\t\t<\/a>\n\n\t\t\t<a href=\"#\" target=\"_blank\" title=\"Twitter\" class=\"multi-icons-link multi-iconsfab-twitter\">\n\t\t\t<i class=\"fab-twitter\"><\/i>\n\t\t<\/a>\n\n\t\t\t<a href=\"#\" target=\"_blank\" title=\"Google+\" class=\"multi-icons-link multi-iconsfab-google-plus-g\">\n\t\t\t<i class=\"fab-google-plus-g\"><\/i>\n\t\t<\/a>\n\n\t<\/div>\n<\/div><\/div><\/div><div class=\"kc-elm kc-css-378785 kc_row kc_row_inner\"><div class=\"kc-elm kc-css-441206 kc_col-sm-12 kc_column_inner kc_col-sm-12\"><div class=\"kc_wrapper kc-col-inner-container\">\n<div class=\"kc-elm kc-css-342531 divider_line\">\n\t<div class=\"divider_inner divider_line1\">\n\t\t\t<\/div>\n<\/div>\n<\/div><\/div><\/div><div class=\"kc-elm kc-css-675835 kc_row kc_row_inner\"><div class=\"kc-elm kc-css-95683 kc_col-sm-4 kc_column_inner kc_col-sm-4\"><div class=\"menu-card kc_wrapper kc-col-inner-container\"><div class=\"kc-elm kc-css-596835 kc_shortcode kc_single_image\">\n\n        <img decoding=\"async\" src=\"https:\/\/projetosociallife.net.br\/wp-content\/uploads\/2021\/08\/WhatsApp-Image-2021-08-08-at-10.54.12-1.jpeg\" class=\"\" alt=\"\" \/>    <\/div>\n<div class=\"kc-elm kc-css-710421\" style=\"height: 20px; clear: both; width:100%;\"><\/div><\/div><\/div><div class=\"kc-elm kc-css-897384 kc_col-sm-4 kc_column_inner kc_col-sm-4\"><div class=\"menu-card kc_wrapper kc-col-inner-container\"><div class=\"kc-elm kc-css-924959 kc_shortcode kc_single_image\">\n\n        <img decoding=\"async\" src=\"https:\/\/projetosociallife.net.br\/wp-content\/uploads\/2021\/05\/WhatsApp-Image-2021-04-04-at-20.45.28-2.jpeg\" class=\"\" alt=\"\" \/>    <\/div>\n<div class=\"kc-elm kc-css-548918\" style=\"height: 20px; clear: both; width:100%;\"><\/div><\/div><\/div><div class=\"kc-elm kc-css-22458 kc_col-sm-1 kc_column_inner kc_col-sm-1\"><div class=\"kc_wrapper kc-col-inner-container\"><\/div><\/div><div class=\"kc-elm kc-css-559656 kc_col-sm-4 kc_column_inner kc_col-sm-4\"><div class=\"kc_wrapper kc-col-inner-container\"><\/div><\/div><\/div><\/div><\/div><\/div><\/div><\/section><\/p>\n","protected":false},"excerpt":{"rendered":"","protected":false},"author":1,"featured_media":0,"parent":0,"menu_order":0,"comment_status":"closed","ping_status":"closed","template":"","meta":{"footnotes":""},"class_list":["post-8593","page","type-page","status-publish","hentry"],"_links":{"self":[{"href":"https:\/\/projetosociallife.net.br\/index.php\/wp-json\/wp\/v2\/pages\/8593","targetHints":{"allow":["GET"]}}],"collection":[{"href":"https:\/\/projetosociallife.net.br\/index.php\/wp-json\/wp\/v2\/pages"}],"about":[{"href":"https:\/\/projetosociallife.net.br\/index.php\/wp-json\/wp\/v2\/types\/page"}],"author":[{"embeddable":true,"href":"https:\/\/projetosociallife.net.br\/index.php\/wp-json\/wp\/v2\/users\/1"}],"replies":[{"embeddable":true,"href":"https:\/\/projetosociallife.net.br\/index.php\/wp-json\/wp\/v2\/comments?post=8593"}],"version-history":[{"count":17,"href":"https:\/\/projetosociallife.net.br\/index.php\/wp-json\/wp\/v2\/pages\/8593\/revisions"}],"predecessor-version":[{"id":8758,"href":"https:\/\/projetosociallife.net.br\/index.php\/wp-json\/wp\/v2\/pages\/8593\/revisions\/8758"}],"wp:attachment":[{"href":"https:\/\/projetosociallife.net.br\/index.php\/wp-json\/wp\/v2\/media?parent=8593"}],"curies":[{"name":"wp","href":"https:\/\/api.w.org\/{rel}","templated":true}]}}